{"id":98,"date":"2017-07-21T20:31:39","date_gmt":"2017-07-21T20:31:39","guid":{"rendered":"http:\/\/i4com.ca\/?page_id=98\/"},"modified":"2019-01-08T16:22:47","modified_gmt":"2019-01-08T16:22:47","slug":"porfolio","status":"publish","type":"page","link":"https:\/\/i4web.ca\/fr\/porfolio\/","title":{"rendered":"PORTFOLIO"},"content":{"rendered":"<div id=\"dslc-theme-content\"><div id=\"dslc-theme-content-inner\"><div id=\"dslc-content\" class=\"dslc-content dslc-clearfix\">\n<div id=\"dslc-main\">\n<div  class=\"dslc-modules-section  dslc-full  dslc-hide-on-phone \" style=\"margin-bottom:41px;padding-bottom:0px;padding-top:0px;\" data-section-id=\"e746425f888\">\n<div class=\"dslc-modules-section-wrapper dslc-clearfix\">\n<div class=\"dslc-modules-area dslc-col dslc-12-col dslc-last-col dslc-valign- \" data-size=\"12\" data-valign=\"\">\n<div id=\"dslc-module-9c88eb651b2\" class=\"dslc-module-front dslc-module-DSLC_Image dslc-in-viewport-check dslc-in-viewport-anim-none  dslc-col dslc-12-col dslc-last-col  dslc-module-handle-like-regular \" data-module-id=\"9c88eb651b2\" data-module=\"DSLC_Image\" data-dslc-module-size=\"12\" data-dslc-anim=\"none\" data-dslc-anim-delay=\"\" data-dslc-anim-duration=\"650\"  data-dslc-anim-easing=\"ease\" data-dslc-preset=\"none\" >\n<div class=\"dslc-image-container\">\n<div class=\"dslc-image\">\n<p>\t\t\t\t\t\t\t\t\t<img decoding=\"async\" src=\"https:\/\/i4web.ca\/wp-content\/uploads\/2019\/08\/Portfolio_Banner_FR-1920x500.jpg\" alt=\"\" title=\"work2\"   \/><\/p><\/div>\n<p><!-- .dslc-image -->\n\t\t<\/div>\n<\/p><\/div>\n<p><!-- .dslc-module -->\n\t\t<\/div>\n<\/div>\n<\/div>\n<div  class=\"dslc-modules-section  dslc-full  dslc-hide-on-desktop  dslc-hide-on-tablet \" style=\"margin-bottom:41px;padding-bottom:0px;padding-top:0px;\" data-section-id=\"d2429cb972b\">\n<div class=\"dslc-modules-section-wrapper dslc-clearfix\">\n<div class=\"dslc-modules-area dslc-col dslc-12-col dslc-last-col dslc-valign- \" data-size=\"12\" data-valign=\"\">\n<div id=\"dslc-module-7063173e700\" class=\"dslc-module-front dslc-module-DSLC_Image dslc-in-viewport-check dslc-in-viewport-anim-none  dslc-col dslc-12-col dslc-last-col  dslc-module-handle-like-regular \" data-module-id=\"7063173e700\" data-module=\"DSLC_Image\" data-dslc-module-size=\"12\" data-dslc-anim=\"none\" data-dslc-anim-delay=\"\" data-dslc-anim-duration=\"650\"  data-dslc-anim-easing=\"ease\" data-dslc-preset=\"none\" >\n<div class=\"dslc-image-container\">\n<div class=\"dslc-image\">\n<p>\t\t\t\t\t\t\t\t\t<img decoding=\"async\" src=\"https:\/\/i4web.ca\/wp-content\/uploads\/2019\/08\/Portfolio_Banner_FR_mobile-1920x1238.jpg\" alt=\"\" title=\"\" srcset=\"https:\/\/i4web.ca\/wp-content\/uploads\/2019\/08\/Portfolio_Banner_FR_mobile.jpg 775w, https:\/\/i4web.ca\/wp-content\/uploads\/2019\/08\/Portfolio_Banner_FR_mobile-300x194.jpg 300w, https:\/\/i4web.ca\/wp-content\/uploads\/2019\/08\/Portfolio_Banner_FR_mobile-768x495.jpg 768w, https:\/\/i4web.ca\/wp-content\/uploads\/2019\/08\/Portfolio_Banner_FR_mobile-680x439.jpg 680w, https:\/\/i4web.ca\/wp-content\/uploads\/2019\/08\/Portfolio_Banner_FR_mobile-540x348.jpg 540w\" sizes=\"(max-width: 775px) 100vw, 775px\" \/><\/p><\/div>\n<p><!-- .dslc-image -->\n\t\t<\/div>\n<\/p><\/div>\n<p><!-- .dslc-module -->\n\t\t<\/div>\n<\/div>\n<\/div>\n<div  class=\"dslc-modules-section \" style=\"margin-bottom:41px;padding-bottom:0px;padding-top:0px;\" data-section-id=\"3691baf502e\">\n<div class=\"dslc-modules-section-wrapper dslc-clearfix\">\n<div class=\"dslc-modules-area dslc-col dslc-12-col dslc-last-col dslc-valign- \" data-size=\"12\" data-valign=\"\">\n<div id=\"dslc-module-5306716ddd0\" class=\"dslc-module-front dslc-module-DSLC_Text_Simple dslc-in-viewport-check dslc-in-viewport-anim-none  dslc-col dslc-12-col dslc-last-col  dslc-module-handle-like-regular \" data-module-id=\"5306716ddd0\" data-module=\"DSLC_Text_Simple\" data-dslc-module-size=\"12\" data-dslc-anim=\"none\" data-dslc-anim-delay=\"\" data-dslc-anim-duration=\"650\"  data-dslc-anim-easing=\"ease\" data-dslc-preset=\"none\" >\n<div class=\"dslc-text-module-content\">\n<h1>Voici une liste partielle de quelques r\u00e9cents projets.<\/h1>\n<p>Nous recherchons les derni\u00e8res tendances et technologies web pour livrer un produit moderne et \u00e0 la fine pointe de la technologie.<\/p>\n<\/p><\/div>\n<\/p><\/div>\n<p><!-- .dslc-module -->\n\t\t<\/div>\n<\/div>\n<\/div>\n<div  class=\"dslc-modules-section  dslc-full  dslc-no-columns-spacing \" style=\"margin-bottom:41px;padding-bottom:0px;padding-top:0px;background-repeat:no-repeat;background-position:center center;\" data-section-id=\"c7d9f36d665\">\n<div class=\"dslc-modules-section-wrapper dslc-clearfix\">\n<div class=\"dslc-modules-area dslc-col dslc-12-col dslc-last-col dslc-valign- \" data-size=\"12\" data-valign=\"\">\n<div id=\"dslc-module-c0f4040ca73\" class=\"dslc-module-front dslc-module-DSLC_Projects dslc-in-viewport-check dslc-in-viewport-anim-none  dslc-col dslc-12-col dslc-last-col  dslc-module-handle-like-regular \" data-module-id=\"c0f4040ca73\" data-module=\"DSLC_Projects\" data-dslc-module-size=\"12\" data-dslc-anim=\"none\" data-dslc-anim-delay=\"\" data-dslc-anim-duration=\"650\"  data-dslc-anim-easing=\"ease\" data-dslc-preset=\"none\" >\n<div class=\"dslc-posts dslc-projects dslc-clearfix dslc-posts-orientation- dslc-init-grid \">\r\n\r\n\t\t\t\r\n\t\t<div class=\"dslc-posts-inner\">\r\n\t<div class=\"dslc-post dslc-project dslc-col dslc--col  dslc-first-col\" data-cats=\"web \">\r\n\r\n\t\r\n\t\t\r\n\t\t\t<div class=\"dslc-post-thumb dslc-project-thumb dslc-on-hover-anim\">\r\n\t\t\t\t<div class=\"dslc-project-thumb-inner dslca-post-thumb\">\r\n\t\t\t\t\t\r\n\t\t\t\t\t\t\t\t\t\t\t<a href=\"https:\/\/i4web.ca\/fr\/project-view\/liberarh\/\" class=\"\" target=\"\"><img loading=\"lazy\" decoding=\"async\" width=\"480\" height=\"480\" src=\"https:\/\/i4web.ca\/wp-content\/uploads\/2017\/12\/i4web-portfoilio-liberarh.jpg\" class=\"attachment-full size-full wp-post-image\" alt=\"\" title=\"i4web-portfoilio-liberarh\" srcset=\"https:\/\/i4web.ca\/wp-content\/uploads\/2017\/12\/i4web-portfoilio-liberarh.jpg 480w, https:\/\/i4web.ca\/wp-content\/uploads\/2017\/12\/i4web-portfoilio-liberarh-300x300.jpg 300w, https:\/\/i4web.ca\/wp-content\/uploads\/2017\/12\/i4web-portfoilio-liberarh-150x150.jpg 150w\" sizes=\"auto, (max-width: 480px) 100vw, 480px\" \/><\/a>\r\n\t\t\t\t\t\t\t\t\t<\/div><!-- .dslc-project-thumb-inner -->\r\n\r\n\t\t\t\t\r\n\t\t\t<\/div><!-- .dslc-project-thumb -->\r\n\r\n\t\t\r\n\t\r\n\t\r\n<\/div><!-- .dslc-project -->\r\n\r\n\r\n\t<div class=\"dslc-post dslc-project dslc-col dslc--col  dslc-first-col\" data-cats=\"web \">\r\n\r\n\t\r\n\t\t\r\n\t\t\t<div class=\"dslc-post-thumb dslc-project-thumb dslc-on-hover-anim\">\r\n\t\t\t\t<div class=\"dslc-project-thumb-inner dslca-post-thumb\">\r\n\t\t\t\t\t\r\n\t\t\t\t\t\t\t\t\t\t\t<a href=\"https:\/\/i4web.ca\/fr\/project-view\/angelo-zenga\/\" class=\"\" target=\"\"><img loading=\"lazy\" decoding=\"async\" width=\"480\" height=\"480\" src=\"https:\/\/i4web.ca\/wp-content\/uploads\/2017\/07\/project-12-1.jpg\" class=\"attachment-full size-full wp-post-image\" alt=\"\" title=\"project-12\" srcset=\"https:\/\/i4web.ca\/wp-content\/uploads\/2017\/07\/project-12-1.jpg 480w, https:\/\/i4web.ca\/wp-content\/uploads\/2017\/07\/project-12-1-150x150.jpg 150w, https:\/\/i4web.ca\/wp-content\/uploads\/2017\/07\/project-12-1-300x300.jpg 300w\" sizes=\"auto, (max-width: 480px) 100vw, 480px\" \/><\/a>\r\n\t\t\t\t\t\t\t\t\t<\/div><!-- .dslc-project-thumb-inner -->\r\n\r\n\t\t\t\t\r\n\t\t\t<\/div><!-- .dslc-project-thumb -->\r\n\r\n\t\t\r\n\t\r\n\t\r\n<\/div><!-- .dslc-project -->\r\n\r\n\r\n\t<div class=\"dslc-post dslc-project dslc-col dslc--col  dslc-first-col\" data-cats=\"web \">\r\n\r\n\t\r\n\t\t\r\n\t\t\t<div class=\"dslc-post-thumb dslc-project-thumb dslc-on-hover-anim\">\r\n\t\t\t\t<div class=\"dslc-project-thumb-inner dslca-post-thumb\">\r\n\t\t\t\t\t\r\n\t\t\t\t\t\t\t\t\t\t\t<a href=\"https:\/\/i4web.ca\/fr\/project-view\/pastabella\/\" class=\"\" target=\"\"><img loading=\"lazy\" decoding=\"async\" width=\"480\" height=\"480\" src=\"https:\/\/i4web.ca\/wp-content\/uploads\/2017\/07\/project-1-1.jpg\" class=\"attachment-full size-full wp-post-image\" alt=\"\" title=\"project-1\" srcset=\"https:\/\/i4web.ca\/wp-content\/uploads\/2017\/07\/project-1-1.jpg 480w, https:\/\/i4web.ca\/wp-content\/uploads\/2017\/07\/project-1-1-150x150.jpg 150w, https:\/\/i4web.ca\/wp-content\/uploads\/2017\/07\/project-1-1-300x300.jpg 300w\" sizes=\"auto, (max-width: 480px) 100vw, 480px\" \/><\/a>\r\n\t\t\t\t\t\t\t\t\t<\/div><!-- .dslc-project-thumb-inner -->\r\n\r\n\t\t\t\t\r\n\t\t\t<\/div><!-- .dslc-project-thumb -->\r\n\r\n\t\t\r\n\t\r\n\t\r\n<\/div><!-- .dslc-project -->\r\n\r\n\r\n\t<div class=\"dslc-post dslc-project dslc-col dslc--col  dslc-first-col\" data-cats=\"web \">\r\n\r\n\t\r\n\t\t\r\n\t\t\t<div class=\"dslc-post-thumb dslc-project-thumb dslc-on-hover-anim\">\r\n\t\t\t\t<div class=\"dslc-project-thumb-inner dslca-post-thumb\">\r\n\t\t\t\t\t\r\n\t\t\t\t\t\t\t\t\t\t\t<a href=\"https:\/\/i4web.ca\/fr\/project-view\/mansfield_medical\/\" class=\"\" target=\"\"><img loading=\"lazy\" decoding=\"async\" width=\"480\" height=\"480\" src=\"https:\/\/i4web.ca\/wp-content\/uploads\/2017\/07\/project-7-1.jpg\" class=\"attachment-full size-full wp-post-image\" alt=\"\" title=\"project-7\" srcset=\"https:\/\/i4web.ca\/wp-content\/uploads\/2017\/07\/project-7-1.jpg 480w, https:\/\/i4web.ca\/wp-content\/uploads\/2017\/07\/project-7-1-150x150.jpg 150w, https:\/\/i4web.ca\/wp-content\/uploads\/2017\/07\/project-7-1-300x300.jpg 300w\" sizes=\"auto, (max-width: 480px) 100vw, 480px\" \/><\/a>\r\n\t\t\t\t\t\t\t\t\t<\/div><!-- .dslc-project-thumb-inner -->\r\n\r\n\t\t\t\t\r\n\t\t\t<\/div><!-- .dslc-project-thumb -->\r\n\r\n\t\t\r\n\t\r\n\t\r\n<\/div><!-- .dslc-project -->\r\n\r\n\r\n\t<div class=\"dslc-post dslc-project dslc-col dslc--col  dslc-first-col\" data-cats=\"web \">\r\n\r\n\t\r\n\t\t\r\n\t\t\t<div class=\"dslc-post-thumb dslc-project-thumb dslc-on-hover-anim\">\r\n\t\t\t\t<div class=\"dslc-project-thumb-inner dslca-post-thumb\">\r\n\t\t\t\t\t\r\n\t\t\t\t\t\t\t\t\t\t\t<a href=\"https:\/\/i4web.ca\/fr\/project-view\/extermination-west-island\/\" class=\"\" target=\"\"><img loading=\"lazy\" decoding=\"async\" width=\"480\" height=\"480\" src=\"https:\/\/i4web.ca\/wp-content\/uploads\/2017\/07\/project-7D.jpg\" class=\"attachment-full size-full wp-post-image\" alt=\"\" title=\"project-7D\" srcset=\"https:\/\/i4web.ca\/wp-content\/uploads\/2017\/07\/project-7D.jpg 480w, https:\/\/i4web.ca\/wp-content\/uploads\/2017\/07\/project-7D-150x150.jpg 150w, https:\/\/i4web.ca\/wp-content\/uploads\/2017\/07\/project-7D-300x300.jpg 300w\" sizes=\"auto, (max-width: 480px) 100vw, 480px\" \/><\/a>\r\n\t\t\t\t\t\t\t\t\t<\/div><!-- .dslc-project-thumb-inner -->\r\n\r\n\t\t\t\t\r\n\t\t\t<\/div><!-- .dslc-project-thumb -->\r\n\r\n\t\t\r\n\t\r\n\t\r\n<\/div><!-- .dslc-project -->\r\n\r\n\r\n\t<div class=\"dslc-post dslc-project dslc-col dslc--col  dslc-first-col\" data-cats=\"web \">\r\n\r\n\t\r\n\t\t\r\n\t\t\t<div class=\"dslc-post-thumb dslc-project-thumb dslc-on-hover-anim\">\r\n\t\t\t\t<div class=\"dslc-project-thumb-inner dslca-post-thumb\">\r\n\t\t\t\t\t\r\n\t\t\t\t\t\t\t\t\t\t\t<a href=\"https:\/\/i4web.ca\/fr\/project-view\/berchicci\/\" class=\"\" target=\"\"><img loading=\"lazy\" decoding=\"async\" width=\"480\" height=\"480\" src=\"https:\/\/i4web.ca\/wp-content\/uploads\/2017\/07\/project-3-1.jpg\" class=\"attachment-full size-full wp-post-image\" alt=\"\" title=\"project-3\" srcset=\"https:\/\/i4web.ca\/wp-content\/uploads\/2017\/07\/project-3-1.jpg 480w, https:\/\/i4web.ca\/wp-content\/uploads\/2017\/07\/project-3-1-150x150.jpg 150w, https:\/\/i4web.ca\/wp-content\/uploads\/2017\/07\/project-3-1-300x300.jpg 300w\" sizes=\"auto, (max-width: 480px) 100vw, 480px\" \/><\/a>\r\n\t\t\t\t\t\t\t\t\t<\/div><!-- .dslc-project-thumb-inner -->\r\n\r\n\t\t\t\t\r\n\t\t\t<\/div><!-- .dslc-project-thumb -->\r\n\r\n\t\t\r\n\t\r\n\t\r\n<\/div><!-- .dslc-project -->\r\n\r\n\r\n\t<div class=\"dslc-post dslc-project dslc-col dslc--col  dslc-first-col\" data-cats=\"web \">\r\n\r\n\t\r\n\t\t\r\n\t\t\t<div class=\"dslc-post-thumb dslc-project-thumb dslc-on-hover-anim\">\r\n\t\t\t\t<div class=\"dslc-project-thumb-inner dslca-post-thumb\">\r\n\t\t\t\t\t\r\n\t\t\t\t\t\t\t\t\t\t\t<a href=\"https:\/\/i4web.ca\/fr\/project-view\/rwc-wheels\/\" class=\"\" target=\"\"><img loading=\"lazy\" decoding=\"async\" width=\"480\" height=\"480\" src=\"https:\/\/i4web.ca\/wp-content\/uploads\/2017\/07\/project-10.jpg\" class=\"attachment-full size-full wp-post-image\" alt=\"\" title=\"\" srcset=\"https:\/\/i4web.ca\/wp-content\/uploads\/2017\/07\/project-10.jpg 480w, https:\/\/i4web.ca\/wp-content\/uploads\/2017\/07\/project-10-150x150.jpg 150w, https:\/\/i4web.ca\/wp-content\/uploads\/2017\/07\/project-10-300x300.jpg 300w\" sizes=\"auto, (max-width: 480px) 100vw, 480px\" \/><\/a>\r\n\t\t\t\t\t\t\t\t\t<\/div><!-- .dslc-project-thumb-inner -->\r\n\r\n\t\t\t\t\r\n\t\t\t<\/div><!-- .dslc-project-thumb -->\r\n\r\n\t\t\r\n\t\r\n\t\r\n<\/div><!-- .dslc-project -->\r\n\r\n\r\n\t<div class=\"dslc-post dslc-project dslc-col dslc--col  dslc-first-col\" data-cats=\"web \">\r\n\r\n\t\r\n\t\t\r\n\t\t\t<div class=\"dslc-post-thumb dslc-project-thumb dslc-on-hover-anim\">\r\n\t\t\t\t<div class=\"dslc-project-thumb-inner dslca-post-thumb\">\r\n\t\t\t\t\t\r\n\t\t\t\t\t\t\t\t\t\t\t<a href=\"https:\/\/i4web.ca\/fr\/project-view\/favq-org\/\" class=\"\" target=\"\"><img loading=\"lazy\" decoding=\"async\" width=\"480\" height=\"480\" src=\"https:\/\/i4web.ca\/wp-content\/uploads\/2017\/07\/project-6-1.jpg\" class=\"attachment-full size-full wp-post-image\" alt=\"\" title=\"project-6\" srcset=\"https:\/\/i4web.ca\/wp-content\/uploads\/2017\/07\/project-6-1.jpg 480w, https:\/\/i4web.ca\/wp-content\/uploads\/2017\/07\/project-6-1-150x150.jpg 150w, https:\/\/i4web.ca\/wp-content\/uploads\/2017\/07\/project-6-1-300x300.jpg 300w\" sizes=\"auto, (max-width: 480px) 100vw, 480px\" \/><\/a>\r\n\t\t\t\t\t\t\t\t\t<\/div><!-- .dslc-project-thumb-inner -->\r\n\r\n\t\t\t\t\r\n\t\t\t<\/div><!-- .dslc-project-thumb -->\r\n\r\n\t\t\r\n\t\r\n\t\r\n<\/div><!-- .dslc-project -->\r\n\r\n\r\n\t<div class=\"dslc-post dslc-project dslc-col dslc--col  dslc-first-col\" data-cats=\"web \">\r\n\r\n\t\r\n\t\t\r\n\t\t\t<div class=\"dslc-post-thumb dslc-project-thumb dslc-on-hover-anim\">\r\n\t\t\t\t<div class=\"dslc-project-thumb-inner dslca-post-thumb\">\r\n\t\t\t\t\t\r\n\t\t\t\t\t\t\t\t\t\t\t<a href=\"https:\/\/i4web.ca\/fr\/project-view\/baldwin-cremation\/\" class=\"\" target=\"\"><img loading=\"lazy\" decoding=\"async\" width=\"480\" height=\"480\" src=\"https:\/\/i4web.ca\/wp-content\/uploads\/2020\/04\/baldwin1.jpg\" class=\"attachment-full size-full wp-post-image\" alt=\"\" title=\"baldwin1\" srcset=\"https:\/\/i4web.ca\/wp-content\/uploads\/2020\/04\/baldwin1.jpg 480w, https:\/\/i4web.ca\/wp-content\/uploads\/2020\/04\/baldwin1-300x300.jpg 300w, https:\/\/i4web.ca\/wp-content\/uploads\/2020\/04\/baldwin1-150x150.jpg 150w\" sizes=\"auto, (max-width: 480px) 100vw, 480px\" \/><\/a>\r\n\t\t\t\t\t\t\t\t\t<\/div><!-- .dslc-project-thumb-inner -->\r\n\r\n\t\t\t\t\r\n\t\t\t<\/div><!-- .dslc-project-thumb -->\r\n\r\n\t\t\r\n\t\r\n\t\r\n<\/div><!-- .dslc-project -->\r\n\r\n\t\t\t<\/div><!-- .dslc-posts-inner -->\r\n\r\n\t\t\t\r\n\t\t\t<\/div><!-- .dslc-projects -->\r\n\r\n\t\t<\/div>\n<p><!-- .dslc-module -->\n\t\t<\/div>\n<\/div>\n<\/div>\n<\/div>\n<\/div>\n<\/div><\/div>","protected":false},"excerpt":{"rendered":"<p>Voici une liste partielle de quelques r\u00e9cents projets. Nous recherchons les derni\u00e8res tendances et technologies web pour livrer un produit moderne et \u00e0 la fine pointe de la technologie.<\/p>\n","protected":false},"author":1,"featured_media":0,"parent":0,"menu_order":0,"comment_status":"closed","ping_status":"closed","template":"page-templates\/page_builder.php","meta":{"footnotes":""},"class_list":["post-98","page","type-page","status-publish","hentry","clearfix"],"_links":{"self":[{"href":"https:\/\/i4web.ca\/fr\/wp-json\/wp\/v2\/pages\/98","targetHints":{"allow":["GET"]}}],"collection":[{"href":"https:\/\/i4web.ca\/fr\/wp-json\/wp\/v2\/pages"}],"about":[{"href":"https:\/\/i4web.ca\/fr\/wp-json\/wp\/v2\/types\/page"}],"author":[{"embeddable":true,"href":"https:\/\/i4web.ca\/fr\/wp-json\/wp\/v2\/users\/1"}],"replies":[{"embeddable":true,"href":"https:\/\/i4web.ca\/fr\/wp-json\/wp\/v2\/comments?post=98"}],"version-history":[{"count":2,"href":"https:\/\/i4web.ca\/fr\/wp-json\/wp\/v2\/pages\/98\/revisions"}],"predecessor-version":[{"id":772,"href":"https:\/\/i4web.ca\/fr\/wp-json\/wp\/v2\/pages\/98\/revisions\/772"}],"wp:attachment":[{"href":"https:\/\/i4web.ca\/fr\/wp-json\/wp\/v2\/media?parent=98"}],"curies":[{"name":"wp","href":"https:\/\/api.w.org\/{rel}","templated":true}]}}