{"id":76,"date":"2017-07-21T20:07:08","date_gmt":"2017-07-21T20:07:08","guid":{"rendered":"http:\/\/i4com.ca\/?page_id=76\/"},"modified":"2017-07-21T20:29:23","modified_gmt":"2017-07-21T20:29:23","slug":"services","status":"publish","type":"page","link":"https:\/\/i4web.ca\/fr\/services\/","title":{"rendered":"SERVICES"},"content":{"rendered":"<div id=\"dslc-content\" class=\"dslc-content dslc-clearfix\"><div id=\"dslc-main\">\n\t\t<div  class=\"dslc-modules-section  dslc-full  dslc-hide-on-phone \" style=\"margin-bottom:41px;padding-bottom:0px;padding-top:0px;\" data-section-id=\"f7dedfbfc9d\">\n\t\t\t\t\n\t\t\t\t\n\t\t\t\t<div class=\"dslc-modules-section-wrapper dslc-clearfix\"><div class=\"dslc-modules-area dslc-col dslc-12-col dslc-last-col\" data-size=\"12\" data-valign=\"\">\n\t\t<div id=\"dslc-module-509f89ce5c8\" class=\"dslc-module-front dslc-module-DSLC_Image dslc-in-viewport-check dslc-in-viewport-anim-none  dslc-col dslc-12-col dslc-last-col  dslc-module-handle-like-regular \" data-module-id=\"509f89ce5c8\" data-module=\"DSLC_Image\" data-dslc-module-size=\"12\" data-dslc-anim=\"none\" data-dslc-anim-delay=\"\" data-dslc-anim-duration=\"650\"  data-dslc-anim-easing=\"ease\" data-dslc-preset=\"none\" >\n\n\t\t\t\n\t\t\t\n\t\t\t\t<div class=\"dslc-image-container\">\r\n\t\t<div class=\"dslc-image\">\r\n\r\n\t\t\t\r\n\t\t\t\t\r\n\t\t\t\t\t\t\t\t\t<img src=\"https:\/\/i4web.ca\/wp-content\/uploads\/2017\/07\/services2_FR-1920x500.jpg\" alt=\"\" title=\"services2\"   \/>\r\n\t\t\t\t\r\n\t\t\t\t\t\t\t\t\t<\/div><!-- .dslc-image -->\r\n\t\t<\/div>\r\n\t\t\n\t\t\t\t<\/div><!-- .dslc-module -->\n\t\t<\/div><\/div><\/div>\n\t\t<div  class=\"dslc-modules-section  dslc-full  dslc-hide-on-desktop  dslc-hide-on-tablet \" style=\"margin-bottom:41px;padding-bottom:0px;padding-top:0px;\" data-section-id=\"31d8a3d8347\">\n\t\t\t\t\n\t\t\t\t\n\t\t\t\t<div class=\"dslc-modules-section-wrapper dslc-clearfix\"><div class=\"dslc-modules-area dslc-col dslc-12-col dslc-last-col\" data-size=\"12\" data-valign=\"\">\n\t\t<div id=\"dslc-module-1a07680bab3\" class=\"dslc-module-front dslc-module-DSLC_Image dslc-in-viewport-check dslc-in-viewport-anim-none  dslc-col dslc-12-col dslc-last-col  dslc-module-handle-like-regular \" data-module-id=\"1a07680bab3\" data-module=\"DSLC_Image\" data-dslc-module-size=\"12\" data-dslc-anim=\"none\" data-dslc-anim-delay=\"\" data-dslc-anim-duration=\"650\"  data-dslc-anim-easing=\"ease\" data-dslc-preset=\"none\" >\n\n\t\t\t\n\t\t\t\n\t\t\t\t<div class=\"dslc-image-container\">\r\n\t\t<div class=\"dslc-image\">\r\n\r\n\t\t\t\r\n\t\t\t\t\r\n\t\t\t\t\t\t\t\t\t<img src=\"https:\/\/i4web.ca\/wp-content\/uploads\/2019\/01\/services_FR-1920x1238.jpg\" alt=\"\" title=\"\" srcset=\"https:\/\/i4web.ca\/wp-content\/uploads\/2019\/01\/services_FR.jpg 775w, https:\/\/i4web.ca\/wp-content\/uploads\/2019\/01\/services_FR-300x194.jpg 300w, https:\/\/i4web.ca\/wp-content\/uploads\/2019\/01\/services_FR-768x495.jpg 768w, https:\/\/i4web.ca\/wp-content\/uploads\/2019\/01\/services_FR-680x439.jpg 680w, https:\/\/i4web.ca\/wp-content\/uploads\/2019\/01\/services_FR-540x348.jpg 540w\" sizes=\"(max-width: 775px) 100vw, 775px\" \/>\r\n\t\t\t\t\r\n\t\t\t\t\t\t\t\t\t<\/div><!-- .dslc-image -->\r\n\t\t<\/div>\r\n\t\t\n\t\t\t\t<\/div><!-- .dslc-module -->\n\t\t<\/div><\/div><\/div>\n\t\t<div  class=\"dslc-modules-section \" style=\"margin-bottom:41px;padding-bottom:0px;padding-top:0px;\" data-section-id=\"7c36e442435\">\n\t\t\t\t\n\t\t\t\t\n\t\t\t\t<div class=\"dslc-modules-section-wrapper dslc-clearfix\"><div class=\"dslc-modules-area dslc-col dslc-12-col dslc-last-col\" data-size=\"12\" data-valign=\"\">\n\t\t<div id=\"dslc-module-521542f6bb2\" class=\"dslc-module-front dslc-module-DSLC_Text_Simple dslc-in-viewport-check dslc-in-viewport-anim-none  dslc-col dslc-12-col dslc-last-col  dslc-module-handle-like-regular \" data-module-id=\"521542f6bb2\" data-module=\"DSLC_Text_Simple\" data-dslc-module-size=\"12\" data-dslc-anim=\"none\" data-dslc-anim-delay=\"\" data-dslc-anim-duration=\"650\"  data-dslc-anim-easing=\"ease\" data-dslc-preset=\"none\" >\n\n\t\t\t\n\t\t\t\n\t\t\r\n\t\t<div class=\"dslc-text-module-content\">\r\n\t\t\t<h1>Notre focus comprend la conception de sites Web, le d\u00e9veloppement d'applications Web et les projets de commerce \u00e9lectronique.<\/h1><h2><span style=\"color: #8ec63f; font-size: 36px; letter-spacing: -0.5px; text-align: left;\"><br>Conception web personnalis\u00e9e<\/span><\/h2><p>Nous recherchons les derni\u00e8res tendances et technologies web pour livrer un produit moderne et \u00e0 la fine pointe de la technologie. Nous cr\u00e9ons des sites intuitifs, graphiquement attrayants et adaptatifs \u201cresponsive\u201d qui communiquera efficacement vos messages. Si votre objectif est de fournir des informations, vendre des produits ou de construire un portail, nous allons pr\u00e9senter \u00e0 vos visiteurs un site Web qui est attrayant et informatif.<\/p><h2><span style=\"color: #8ec63f; font-size: 36px; letter-spacing: -0.5px; text-align: left;\"><br>D\u00e9veloppement d'applications<\/span><\/h2><p>Notre entreprise est bas\u00e9e sur des relations clients qui sont motiv\u00e9es par les valeurs et les objectifs communs.\u00a0Nous accomplissons cela en:<\/p><p>\u2022 Fournissant des solutions de travail solide.<br> \u2022\u00a0Int\u00e9gration multiplateforme (ponts logiciels personnalis\u00e9s)<br> \u2022 Sites web adaptatifs \u2013 HTML5\/CSS3 \u2013 Compatibilit\u00e9 inter-navigateur<br> \u2022 Nos services de d\u00e9veloppement:\u00a0\u00a0.NET \u2013 PHP \u2013 Javascript \u2013 C# - MySQL - MS SQL - Tests d\u2019assurance qualit\u00e9<\/p><h2><span style=\"color: #8ec63f; font-size: 36px; letter-spacing: -0.5px; text-align: left;\"><br>Commerce \u00e9lectronique<\/span><\/h2><p>Nous avons d\u00e9velopp\u00e9 de nombreux sites transactionnels.\u00a0 Notre \u00e9quipe travaillera en \u00e9troite collaboration avec vous pour comprendre votre strat\u00e9gie de vente au d\u00e9tail et votre march\u00e9 cible.\u00a0 Nous proposons une solution de commerce \u00e9lectronique qui fera l\u2019exp\u00e9rience de vos visiteurs en ligne, simple et rapide.<\/p>\t\t<\/div>\r\n\r\n\t\t\n\t\t\t\t<\/div><!-- .dslc-module -->\n\t\t<\/div><\/div><\/div>\n\t\t<div  class=\"dslc-modules-section \" style=\"margin-bottom:40px;padding-bottom:0px;padding-top:0px;\" data-section-id=\"91be64128ef\">\n\t\t\t\t\n\t\t\t\t\n\t\t\t\t<div class=\"dslc-modules-section-wrapper dslc-clearfix\"><div class=\"dslc-modules-area dslc-col dslc-12-col dslc-last-col\" data-size=\"12\" data-valign=\"\">\n\t\t<div id=\"dslc-module-c12a53db107\" class=\"dslc-module-front dslc-module-DSLC_Image dslc-in-viewport-check dslc-in-viewport-anim-none  dslc-col dslc-12-col dslc-last-col  dslc-module-handle-like-regular \" data-module-id=\"c12a53db107\" data-module=\"DSLC_Image\" data-dslc-module-size=\"12\" data-dslc-anim=\"none\" data-dslc-anim-delay=\"\" data-dslc-anim-duration=\"650\"  data-dslc-anim-easing=\"ease\" data-dslc-preset=\"none\" >\n\n\t\t\t\n\t\t\t\n\t\t\t\t<div class=\"dslc-image-container\">\r\n\t\t<div class=\"dslc-image\">\r\n\r\n\t\t\t\r\n\t\t\t\t\r\n\t\t\t\t\t\t\t\t\t<img src=\"https:\/\/i4web.ca\/wp-content\/uploads\/2018\/12\/reference1.jpg\" alt=\"\" title=\"\" srcset=\"https:\/\/i4web.ca\/wp-content\/uploads\/2018\/12\/reference1.jpg 1170w, https:\/\/i4web.ca\/wp-content\/uploads\/2018\/12\/reference1-300x64.jpg 300w, https:\/\/i4web.ca\/wp-content\/uploads\/2018\/12\/reference1-768x164.jpg 768w, https:\/\/i4web.ca\/wp-content\/uploads\/2018\/12\/reference1-1024x219.jpg 1024w, https:\/\/i4web.ca\/wp-content\/uploads\/2018\/12\/reference1-680x145.jpg 680w, https:\/\/i4web.ca\/wp-content\/uploads\/2018\/12\/reference1-540x115.jpg 540w\" sizes=\"(max-width: 1170px) 100vw, 1170px\" \/>\r\n\t\t\t\t\r\n\t\t\t\t\t\t\t\t\t<\/div><!-- .dslc-image -->\r\n\t\t<\/div>\r\n\t\t\n\t\t\t\t<\/div><!-- .dslc-module -->\n\t\t<\/div><\/div><\/div>\n\t\t<div  class=\"dslc-modules-section \" style=\"margin-bottom:40px;padding-bottom:0px;padding-top:0px;\" data-section-id=\"3fea5b4ffc4\">\n\t\t\t\t\n\t\t\t\t\n\t\t\t\t<div class=\"dslc-modules-section-wrapper dslc-clearfix\"><div class=\"dslc-modules-area dslc-col dslc-12-col dslc-last-col\" data-size=\"12\" data-valign=\"\">\n\t\t<div id=\"dslc-module-f41c3bbb8e9\" class=\"dslc-module-front dslc-module-DSLC_Text_Simple dslc-in-viewport-check dslc-in-viewport-anim-none  dslc-col dslc-12-col dslc-last-col  dslc-module-handle-like-regular \" data-module-id=\"f41c3bbb8e9\" data-module=\"DSLC_Text_Simple\" data-dslc-module-size=\"12\" data-dslc-anim=\"none\" data-dslc-anim-delay=\"\" data-dslc-anim-duration=\"650\"  data-dslc-anim-easing=\"ease\" data-dslc-preset=\"none\" >\n\n\t\t\t\n\t\t\t\n\t\t\r\n\t\t<div class=\"dslc-text-module-content\">\r\n\t\t\t<h1 style=\"text-align: center;\">R\u00e9f\u00e9rences<\/h1><h2><a href=\"http:\/\/www.kays-ponger.com\/\" target=\"_blank\" rel=\"noopener\">Gibraltar Remembrance Services LLC<\/a>\u00a0- M.\u00a0Mark Kays<\/h2><p>\"Il est difficile de dire \u00e0 quel point i4Technologies a \u00e9t\u00e9 d\u2019un aide. Ils ont cr\u00e9\u00e9 un programme d\u2019entreprise pour nous et, tout au long de son d\u00e9veloppement, l\u2019\u00e9quipe i4 n\u2019aurait pu \u00eatre plus compr\u00e9hensive. Leur approche \u00e0 travailler avec nous sur notre mod\u00e8le d'entreprise, nos besoins et probl\u00e8mes, ainsi que leur temps de r\u00e9ponse pour corriger les obstacles sur lesquels nous travaillions, a \u00e9t\u00e9 la meilleure avec laquelle j'ai travaill\u00e9 et vu. Ils ont \u00e9galement h\u00e9berg\u00e9 notre programme et notre connectivit\u00e9 n'a jamais \u00e9t\u00e9 aussi bonne. C\u2019est un plaisir de travailler avec des personnes que vous savez \u00eatre soucieuses de vous et de votre entreprise. Au fil des ans, travaillant avec eux, on se sent comme des amis. Je recommande fortement i4Technologies \u00e0 tout le monde, vous ne serez pas d\u00e9\u00e7u, ils font partie des meilleurs dans ce domaine.\"<\/p><h4 style=\"text-align: left;\"><a href=\"https:\/\/i4web.ca\/fr\/temoignages\/\"><strong>LIRE PLUS DE T\u00c9MOIGNAGES +<\/strong><\/a><\/h4>\t\t<\/div>\r\n\r\n\t\t\n\t\t\t\t<\/div><!-- .dslc-module -->\n\t\t<\/div><\/div><\/div><\/div><\/div>","protected":false},"excerpt":{"rendered":"<p>Notre focus comprend la conception de sites Web, le d\u00e9veloppement d&rsquo;applications Web et les projets de commerce \u00e9lectronique.Conception web personnalis\u00e9eNous recherchons les derni\u00e8res tendances et technologies web pour livrer un produit moderne et \u00e0 la fine pointe de la technologie.&nbsp;[&hellip;]<\/p>\n","protected":false},"author":1,"featured_media":0,"parent":0,"menu_order":0,"comment_status":"closed","ping_status":"closed","template":"page-templates\/page_builder.php","meta":{"footnotes":""},"class_list":["post-76","page","type-page","status-publish","hentry","clearfix"],"_links":{"self":[{"href":"https:\/\/i4web.ca\/fr\/wp-json\/wp\/v2\/pages\/76","targetHints":{"allow":["GET"]}}],"collection":[{"href":"https:\/\/i4web.ca\/fr\/wp-json\/wp\/v2\/pages"}],"about":[{"href":"https:\/\/i4web.ca\/fr\/wp-json\/wp\/v2\/types\/page"}],"author":[{"embeddable":true,"href":"https:\/\/i4web.ca\/fr\/wp-json\/wp\/v2\/users\/1"}],"replies":[{"embeddable":true,"href":"https:\/\/i4web.ca\/fr\/wp-json\/wp\/v2\/comments?post=76"}],"version-history":[{"count":3,"href":"https:\/\/i4web.ca\/fr\/wp-json\/wp\/v2\/pages\/76\/revisions"}],"predecessor-version":[{"id":97,"href":"https:\/\/i4web.ca\/fr\/wp-json\/wp\/v2\/pages\/76\/revisions\/97"}],"wp:attachment":[{"href":"https:\/\/i4web.ca\/fr\/wp-json\/wp\/v2\/media?parent=76"}],"curies":[{"name":"wp","href":"https:\/\/api.w.org\/{rel}","templated":true}]}}