{"id":6,"date":"2017-07-21T15:22:47","date_gmt":"2017-07-21T15:22:47","guid":{"rendered":"http:\/\/i4com.ca\/home\/"},"modified":"2019-05-23T17:17:12","modified_gmt":"2019-05-23T17:17:12","slug":"conception-de-sites-web","status":"publish","type":"page","link":"https:\/\/i4web.ca\/fr\/","title":{"rendered":"CONCEPTION DE SITES WEB"},"content":{"rendered":"<div id=\"dslc-theme-content\"><div id=\"dslc-theme-content-inner\"><div id=\"dslc-content\" class=\"dslc-content dslc-clearfix\">\n<div id=\"dslc-main\">\n<div  class=\"dslc-modules-section  dslc-full  dslc-hide-on-phone \" style=\"margin-bottom:60px;padding-bottom:0px;padding-top:0px;\" data-section-id=\"6557660e276\">\n<div class=\"dslc-modules-section-wrapper dslc-clearfix\">\n<div class=\"dslc-modules-area dslc-col dslc-12-col dslc-last-col dslc-valign- \" data-size=\"12\" data-valign=\"\">\n<div id=\"dslc-module-9c4056ada30\" class=\"dslc-module-front dslc-module-DSLC_Image dslc-in-viewport-check dslc-in-viewport-anim-none  dslc-col dslc-12-col dslc-last-col  dslc-module-handle-like-regular \" data-module-id=\"9c4056ada30\" data-module=\"DSLC_Image\" data-dslc-module-size=\"12\" data-dslc-anim=\"none\" data-dslc-anim-delay=\"\" data-dslc-anim-duration=\"650\"  data-dslc-anim-easing=\"ease\" data-dslc-preset=\"none\" >\n<div class=\"dslc-image-container\">\n<div class=\"dslc-image\">\n<p>\t\t\t\t\t\t\t\t\t<img decoding=\"async\" src=\"https:\/\/i4web.ca\/wp-content\/uploads\/2019\/08\/HomePage_Banner_FR.jpg\" alt=\"\" title=\"Conception de sites web \u00e0 Montr\u00e9al\" srcset=\"https:\/\/i4web.ca\/wp-content\/uploads\/2019\/08\/HomePage_Banner_FR.jpg 1920w, https:\/\/i4web.ca\/wp-content\/uploads\/2019\/08\/HomePage_Banner_FR-300x102.jpg 300w, https:\/\/i4web.ca\/wp-content\/uploads\/2019\/08\/HomePage_Banner_FR-768x260.jpg 768w, https:\/\/i4web.ca\/wp-content\/uploads\/2019\/08\/HomePage_Banner_FR-1024x347.jpg 1024w, https:\/\/i4web.ca\/wp-content\/uploads\/2019\/08\/HomePage_Banner_FR-680x230.jpg 680w, https:\/\/i4web.ca\/wp-content\/uploads\/2019\/08\/HomePage_Banner_FR-540x183.jpg 540w\" sizes=\"(max-width: 1920px) 100vw, 1920px\" \/><\/p><\/div>\n<p><!-- .dslc-image -->\n\t\t<\/div>\n<\/p><\/div>\n<p><!-- .dslc-module -->\n\t\t<\/div>\n<\/div>\n<\/div>\n<div  class=\"dslc-modules-section  dslc-full  dslc-hide-on-desktop  dslc-hide-on-tablet \" style=\"margin-bottom:60px;padding-bottom:0px;padding-top:0px;\" data-section-id=\"nqe3b7gt9t8\">\n<div class=\"dslc-modules-section-wrapper dslc-clearfix\">\n<div class=\"dslc-modules-area dslc-col dslc-12-col dslc-last-col dslc-valign- \" data-size=\"12\" data-valign=\"\">\n<div id=\"dslc-module-17v2ac8ah5\" class=\"dslc-module-front dslc-module-DSLC_Image dslc-in-viewport-check dslc-in-viewport-anim-none  dslc-col dslc-12-col dslc-last-col  dslc-module-handle-like-regular \" data-module-id=\"17v2ac8ah5\" data-module=\"DSLC_Image\" data-dslc-module-size=\"12\" data-dslc-anim=\"none\" data-dslc-anim-delay=\"\" data-dslc-anim-duration=\"650\"  data-dslc-anim-easing=\"ease\" data-dslc-preset=\"none\" >\n<div class=\"dslc-image-container\">\n<div class=\"dslc-image\">\n<p>\t\t\t\t\t\t\t\t\t<img decoding=\"async\" src=\"https:\/\/i4web.ca\/wp-content\/uploads\/2019\/08\/HomePage_Banner_FR_mobile.jpg\" alt=\"\" title=\"\" srcset=\"https:\/\/i4web.ca\/wp-content\/uploads\/2019\/08\/HomePage_Banner_FR_mobile.jpg 750w, https:\/\/i4web.ca\/wp-content\/uploads\/2019\/08\/HomePage_Banner_FR_mobile-300x240.jpg 300w, https:\/\/i4web.ca\/wp-content\/uploads\/2019\/08\/HomePage_Banner_FR_mobile-680x544.jpg 680w, https:\/\/i4web.ca\/wp-content\/uploads\/2019\/08\/HomePage_Banner_FR_mobile-540x432.jpg 540w\" sizes=\"(max-width: 750px) 100vw, 750px\" \/><\/p><\/div>\n<p><!-- .dslc-image -->\n\t\t<\/div>\n<\/p><\/div>\n<p><!-- .dslc-module -->\n\t\t<\/div>\n<\/div>\n<\/div>\n<div  class=\"dslc-modules-section \" style=\"margin-bottom:40px;padding-bottom:0px;padding-top:0px;\" data-section-id=\"1dc2f34a4f7\">\n<div class=\"dslc-modules-section-wrapper dslc-clearfix\">\n<div class=\"dslc-modules-area dslc-col dslc-12-col dslc-last-col dslc-valign- \" data-size=\"12\" data-valign=\"\">\n<div id=\"dslc-module-9b531523b13\" class=\"dslc-module-front dslc-module-DSLC_Text_Simple dslc-in-viewport-check dslc-in-viewport-anim-none  dslc-col dslc-12-col dslc-last-col  dslc-module-handle-like-regular \" data-module-id=\"9b531523b13\" data-module=\"DSLC_Text_Simple\" data-dslc-module-size=\"12\" data-dslc-anim=\"none\" data-dslc-anim-delay=\"\" data-dslc-anim-duration=\"650\"  data-dslc-anim-easing=\"ease\" data-dslc-preset=\"none\" >\n<div class=\"dslc-text-module-content\">\n<h1 style=\"text-align: center;\">i4Web est une agence de conception et<br \/>d\u00e9veloppement de sites web situ\u00e9e \u00e0 Montr\u00e9al, Qu\u00e9bec.<\/h1>\n<\/p><\/div>\n<\/p><\/div>\n<p><!-- .dslc-module -->\n\t\t<\/div>\n<\/div>\n<\/div>\n<div  class=\"dslc-modules-section \" style=\"margin-bottom:41px;padding-bottom:0px;padding-top:0px;\" data-section-id=\"409e82c6bdd\">\n<div class=\"dslc-modules-section-wrapper dslc-clearfix\">\n<div class=\"dslc-modules-area dslc-col dslc-4-col dslc-first-col dslc-valign- \" data-size=\"4\" data-valign=\"\">\n<div id=\"dslc-module-0d82e425db2\" class=\"dslc-module-front dslc-module-DSLC_Icon dslc-in-viewport-check dslc-in-viewport-anim-none  dslc-col dslc-12-col dslc-last-col  dslc-module-handle-like-regular \" data-module-id=\"0d82e425db2\" data-module=\"DSLC_Icon\" data-dslc-module-size=\"12\" data-dslc-anim=\"none\" data-dslc-anim-delay=\"0\" data-dslc-anim-duration=\"650\"  data-dslc-anim-easing=\"ease\" data-dslc-preset=\"none\" >\n<div class=\"dslc-micon-module\">\n\t\t\t\t\t\t\t\t\t<span class=\"dslc-icon dslc-icon-group\"><\/span>\n\t\t\t\t\t\t\t<\/div>\n<p><!-- .dslc-micon-module --><\/p><\/div>\n<p><!-- .dslc-module --><\/p>\n<div id=\"dslc-module-d7cf65ee18a\" class=\"dslc-module-front dslc-module-DSLC_Text_Simple dslc-in-viewport-check dslc-in-viewport-anim-none  dslc-col dslc-12-col dslc-last-col  dslc-module-handle-like-regular \" data-module-id=\"d7cf65ee18a\" data-module=\"DSLC_Text_Simple\" data-dslc-module-size=\"12\" data-dslc-anim=\"none\" data-dslc-anim-delay=\"\" data-dslc-anim-duration=\"650\"  data-dslc-anim-easing=\"ease\" data-dslc-preset=\"none\" >\n<div class=\"dslc-text-module-content\">\n<h2><span style=\"font-size: 29px; letter-spacing: -0.5px; text-align: center;\">\u00c0 Propos<\/span><\/h2>\n<\/p><\/div>\n<\/p><\/div>\n<p><!-- .dslc-module --><\/p>\n<div id=\"dslc-module-6f76d1d2317\" class=\"dslc-module-front dslc-module-DSLC_Text_Simple dslc-in-viewport-check dslc-in-viewport-anim-none  dslc-col dslc-12-col dslc-last-col  dslc-module-handle-like-regular \" data-module-id=\"6f76d1d2317\" data-module=\"DSLC_Text_Simple\" data-dslc-module-size=\"12\" data-dslc-anim=\"none\" data-dslc-anim-delay=\"\" data-dslc-anim-duration=\"650\"  data-dslc-anim-easing=\"ease\" data-dslc-preset=\"none\" >\n<div class=\"dslc-text-module-content\">\n<p style=\"text-align: center;\">Nous recherchons les derni\u00e8res tendances et technologies web pour livrer un produit moderne et \u00e0 la fine pointe de la technologie.<\/p>\n<h4 style=\"text-align: right;\"><strong><a href=\"https:\/\/i4web.ca\/fr\/conception-de-sites-web-2\/\">LIRE LA SUITE +<\/a><\/strong><\/h4>\n<\/p><\/div>\n<\/p><\/div>\n<p><!-- .dslc-module -->\n\t\t<\/div>\n<div class=\"dslc-modules-area dslc-col dslc-4-col  dslc-valign- \" data-size=\"4\" data-valign=\"\">\n<div id=\"dslc-module-7fb9df9d217\" class=\"dslc-module-front dslc-module-DSLC_Icon dslc-in-viewport-check dslc-in-viewport-anim-none  dslc-col dslc-12-col dslc-last-col  dslc-module-handle-like-regular \" data-module-id=\"7fb9df9d217\" data-module=\"DSLC_Icon\" data-dslc-module-size=\"12\" data-dslc-anim=\"none\" data-dslc-anim-delay=\"0\" data-dslc-anim-duration=\"650\"  data-dslc-anim-easing=\"ease\" data-dslc-preset=\"none\" >\n<div class=\"dslc-micon-module\">\n\t\t\t\t\t\t\t\t\t<span class=\"dslc-icon dslc-icon-keyboard\"><\/span>\n\t\t\t\t\t\t\t<\/div>\n<p><!-- .dslc-micon-module --><\/p><\/div>\n<p><!-- .dslc-module --><\/p>\n<div id=\"dslc-module-276eb789a37\" class=\"dslc-module-front dslc-module-DSLC_Text_Simple dslc-in-viewport-check dslc-in-viewport-anim-none  dslc-col dslc-12-col dslc-last-col  dslc-module-handle-like-regular \" data-module-id=\"276eb789a37\" data-module=\"DSLC_Text_Simple\" data-dslc-module-size=\"12\" data-dslc-anim=\"none\" data-dslc-anim-delay=\"\" data-dslc-anim-duration=\"650\"  data-dslc-anim-easing=\"ease\" data-dslc-preset=\"none\" >\n<div class=\"dslc-text-module-content\">\n<h2><span style=\"font-size: 29px; letter-spacing: -0.5px; text-align: center;\">Notre Expertise<\/span><\/h2>\n<\/p><\/div>\n<\/p><\/div>\n<p><!-- .dslc-module --><\/p>\n<div id=\"dslc-module-ad1cb007ac6\" class=\"dslc-module-front dslc-module-DSLC_Text_Simple dslc-in-viewport-check dslc-in-viewport-anim-none  dslc-col dslc-12-col dslc-last-col  dslc-module-handle-like-regular \" data-module-id=\"ad1cb007ac6\" data-module=\"DSLC_Text_Simple\" data-dslc-module-size=\"12\" data-dslc-anim=\"none\" data-dslc-anim-delay=\"\" data-dslc-anim-duration=\"650\"  data-dslc-anim-easing=\"ease\" data-dslc-preset=\"none\" >\n<div class=\"dslc-text-module-content\">\n<p style=\"text-align: center;\">Notre focus comprend la cr\u00e9ation de sites Web, le d\u00e9veloppement d&rsquo;applications Web et les projets de commerce \u00e9lectronique.<\/p>\n<h4 style=\"text-align: right;\"><strong><a href=\"https:\/\/i4web.ca\/fr\/services\/\">LIRE LA SUITE +<\/a><\/strong><\/h4>\n<\/p><\/div>\n<\/p><\/div>\n<p><!-- .dslc-module -->\n\t\t<\/div>\n<div class=\"dslc-modules-area dslc-col dslc-4-col dslc-last-col dslc-valign- \" data-size=\"4\" data-valign=\"\">\n<div id=\"dslc-module-1d305712178\" class=\"dslc-module-front dslc-module-DSLC_Icon dslc-in-viewport-check dslc-in-viewport-anim-none  dslc-col dslc-12-col dslc-last-col  dslc-module-handle-like-regular \" data-module-id=\"1d305712178\" data-module=\"DSLC_Icon\" data-dslc-module-size=\"12\" data-dslc-anim=\"none\" data-dslc-anim-delay=\"0\" data-dslc-anim-duration=\"650\"  data-dslc-anim-easing=\"ease\" data-dslc-preset=\"none\" >\n<div class=\"dslc-micon-module\">\n\t\t\t\t\t\t\t\t\t<span class=\"dslc-icon dslc-icon-binoculars\"><\/span>\n\t\t\t\t\t\t\t<\/div>\n<p><!-- .dslc-micon-module --><\/p><\/div>\n<p><!-- .dslc-module --><\/p>\n<div id=\"dslc-module-9dfacfec863\" class=\"dslc-module-front dslc-module-DSLC_Text_Simple dslc-in-viewport-check dslc-in-viewport-anim-none  dslc-col dslc-12-col dslc-last-col  dslc-module-handle-like-regular \" data-module-id=\"9dfacfec863\" data-module=\"DSLC_Text_Simple\" data-dslc-module-size=\"12\" data-dslc-anim=\"none\" data-dslc-anim-delay=\"\" data-dslc-anim-duration=\"650\"  data-dslc-anim-easing=\"ease\" data-dslc-preset=\"none\" >\n<div class=\"dslc-text-module-content\">\n<h2><span style=\"font-size: 29px; letter-spacing: -0.5px; text-align: center;\">Projets r\u00e9cents<\/span><\/h2>\n<\/p><\/div>\n<\/p><\/div>\n<p><!-- .dslc-module --><\/p>\n<div id=\"dslc-module-3b5a3ea1166\" class=\"dslc-module-front dslc-module-DSLC_Text_Simple dslc-in-viewport-check dslc-in-viewport-anim-none  dslc-col dslc-12-col dslc-last-col  dslc-module-handle-like-regular \" data-module-id=\"3b5a3ea1166\" data-module=\"DSLC_Text_Simple\" data-dslc-module-size=\"12\" data-dslc-anim=\"none\" data-dslc-anim-delay=\"\" data-dslc-anim-duration=\"650\"  data-dslc-anim-easing=\"ease\" data-dslc-preset=\"none\" >\n<div class=\"dslc-text-module-content\">\n<p style=\"text-align: center;\">Ce n&rsquo;est pas seulement un travail, c&rsquo;est une passion et \u00e7a se voit. Jetez un oeil \u00e0 nos travaux.<\/p>\n<h4 style=\"text-align: right;\"><strong><a href=\"https:\/\/i4web.ca\/fr\/travaux\/\">VOIR NOS PROJETS +<\/a><\/strong><\/h4>\n<\/p><\/div>\n<\/p><\/div>\n<p><!-- .dslc-module -->\n\t\t<\/div>\n<\/div>\n<\/div>\n<div  class=\"dslc-modules-section  dslc-init-parallax  dslc-full  dslc-no-columns-spacing  dslc-hide-on-phone \" style=\"margin-bottom:100px;padding-bottom:100px;padding-top:100px;background-image:url(https:\/\/i4web.ca\/wp-content\/uploads\/2017\/07\/parallax.jpg);background-repeat:no-repeat;background-position:center center;background-attachment:parallax;\" data-section-id=\"6b1e6052e62\">\n<div class=\"dslc-modules-section-wrapper dslc-clearfix\">\n<div class=\"dslc-modules-area dslc-col dslc-12-col dslc-last-col dslc-valign- \" data-size=\"12\" data-valign=\"\">\n<div id=\"dslc-module-329e08c01dd\" class=\"dslc-module-front dslc-module-DSLC_Text_Simple dslc-in-viewport-check dslc-in-viewport-anim-none  dslc-col dslc-12-col dslc-last-col  dslc-module-handle-like-regular \" data-module-id=\"329e08c01dd\" data-module=\"DSLC_Text_Simple\" data-dslc-module-size=\"12\" data-dslc-anim=\"none\" data-dslc-anim-delay=\"\" data-dslc-anim-duration=\"650\"  data-dslc-anim-easing=\"ease\" data-dslc-preset=\"none\" >\n<div class=\"dslc-text-module-content\">\n<h1><span style=\"color: #ffffff; font-size: 54px; letter-spacing: -0.5px; text-align: center;\">Construire un site web, c&rsquo;est comme construire une maison.<\/span><\/h1>\n<h2><span style=\"color: #0033sf; font-size: 46px; letter-spacing: -0.5px; text-align: center;\">Nous le concevons. Nous le construisons. Vous le fournissez. Simple.<\/span><\/h2>\n<\/p><\/div>\n<\/p><\/div>\n<p><!-- .dslc-module -->\n\t\t<\/div>\n<\/div>\n<\/div>\n<div  class=\"dslc-modules-section  dslc-full  dslc-no-columns-spacing  dslc-hide-on-desktop  dslc-hide-on-tablet \" style=\"margin-bottom:60px;padding-bottom:5px;padding-top:5px;padding-left:5%;padding-right:5%;background-color:#87c058;background-image:url();background-repeat:no-repeat;background-position:center center;background-attachment:fixed;\" data-section-id=\"7cc4010681e\">\n<div class=\"dslc-modules-section-wrapper dslc-clearfix\">\n<div class=\"dslc-modules-area dslc-col dslc-12-col dslc-last-col dslc-valign- \" data-size=\"12\" data-valign=\"\">\n<div id=\"dslc-module-546d807370e\" class=\"dslc-module-front dslc-module-DSLC_Text_Simple dslc-in-viewport-check dslc-in-viewport-anim-none  dslc-col dslc-12-col dslc-last-col  dslc-module-handle-like-regular \" data-module-id=\"546d807370e\" data-module=\"DSLC_Text_Simple\" data-dslc-module-size=\"12\" data-dslc-anim=\"none\" data-dslc-anim-delay=\"\" data-dslc-anim-duration=\"650\"  data-dslc-anim-easing=\"ease\" data-dslc-preset=\"none\" >\n<div class=\"dslc-text-module-content\">\n<h1><span style=\"color: #ffffff; font-size: 35px; letter-spacing: -0.5px; text-align: center;\">Construire un site web, c&rsquo;est comme construire une maison.<\/span><\/h1>\n<h2><span style=\"color: #00335f; font-size: 35px; letter-spacing: -0.5px; text-align: center;\">Nous le concevons.<br \/>\nNous le construisons.<br \/>\nVous le fournissez.<br \/>Simple.<\/span><\/h2>\n<\/p><\/div>\n<\/p><\/div>\n<p><!-- .dslc-module -->\n\t\t<\/div>\n<\/div>\n<\/div>\n<div  class=\"dslc-modules-section \" style=\"margin-bottom:80px;padding-bottom:0px;padding-top:0px;\" data-section-id=\"d9880c8cb4b\">\n<div class=\"dslc-modules-section-wrapper dslc-clearfix\">\n<div class=\"dslc-modules-area dslc-col dslc-12-col dslc-last-col dslc-valign- \" data-size=\"12\" data-valign=\"\">\n<div id=\"dslc-module-d2023cc8913\" class=\"dslc-module-front dslc-module-DSLC_Blog dslc-in-viewport-check dslc-in-viewport-anim-none  dslc-col dslc-12-col dslc-last-col  dslc-module-handle-like-regular \" data-module-id=\"d2023cc8913\" data-module=\"DSLC_Blog\" data-dslc-module-size=\"12\" data-dslc-anim=\"none\" data-dslc-anim-delay=\"\" data-dslc-anim-duration=\"650\"  data-dslc-anim-easing=\"ease\" data-dslc-preset=\"none\" >\n<div class=\"dslc-posts dslc-blog-posts dslc-clearfix dslc-blog-posts-type- dslc-posts-orientation- \">\r\n\t\t\t\r\n\t\t\t\r\n\t\t<div class=\"dslc-posts-inner\">\r\n\t<div class=\"dslc-post dslc-blog-post dslc-col dslc--col  dslc-first-col dslc-post-format-image\" data-cats=\"commerce-electronique \">\r\n\r\n\t\r\n\t\t\t\t\t\t\t\t\r\n\t\t\t\t\t\t\t\t\t<div class=\"dslc-blog-post-thumb dslc-post-thumb dslc-on-hover-anim\">\r\n\r\n\t\t\t\t\t\t\t\t\t\t\r\n\t\t\t\t\t\t\t\t\t\t\t<div class=\"dslc-blog-post-thumb-inner dslca-post-thumb\">\r\n\t\t\t\t\t\t\t\t\t\t\t\t\r\n\t\t\t\t\t\t\t\t\t\t\t\t\t\t\t\t\t\t\t\t\t\t\t\t\t<a href=\"https:\/\/i4web.ca\/fr\/commerce-electronique\/\" class=\"\"><img loading=\"lazy\" decoding=\"async\" width=\"1170\" height=\"250\" src=\"https:\/\/i4web.ca\/wp-content\/uploads\/2018\/05\/blog-1170x250.jpg\" class=\"attachment-full size-full wp-post-image\" alt=\"\" title=\"blog-1170&#215;250\" srcset=\"https:\/\/i4web.ca\/wp-content\/uploads\/2018\/05\/blog-1170x250.jpg 1170w, https:\/\/i4web.ca\/wp-content\/uploads\/2018\/05\/blog-1170x250-300x64.jpg 300w, https:\/\/i4web.ca\/wp-content\/uploads\/2018\/05\/blog-1170x250-768x164.jpg 768w, https:\/\/i4web.ca\/wp-content\/uploads\/2018\/05\/blog-1170x250-1024x219.jpg 1024w, https:\/\/i4web.ca\/wp-content\/uploads\/2018\/05\/blog-1170x250-680x145.jpg 680w, https:\/\/i4web.ca\/wp-content\/uploads\/2018\/05\/blog-1170x250-540x115.jpg 540w\" sizes=\"auto, (max-width: 1170px) 100vw, 1170px\" \/><\/a>\r\n\t\t\t\t\t\t\t\t\t\t\t\t\t\t\t\t\t\t\t\t\t\t\t<\/div><!-- .dslc-blog-post-thumb-inner -->\r\n\r\n\t\t\t\t\t\t\t\t\t\t\r\n\t\t\t\t\t\t\t\t\t\t\r\n\t\t\t\t\t\t\t\t\t<\/div><!-- .dslc-blog-post-thumb -->\r\n\r\n\t\t\t\t\t\t\t\t\r\n\t\t\t\t\t\t\t\r\n\t\t\t\t\t\t\t\r\n\t\t\t\t\t\t<\/div><!-- .dslc-blog-post -->\r\n\r\n\t\t\t\t\t\t\r\n\t\t\t\t\t\t\r\n\t<div class=\"dslc-post dslc-blog-post dslc-col dslc--col  dslc-first-col dslc-post-format-image\" data-cats=\"web-2 \">\r\n\r\n\t\r\n\t\t\t\t\t\t\t\t\r\n\t\t\t\t\t\t\t\t\t<div class=\"dslc-blog-post-thumb dslc-post-thumb dslc-on-hover-anim\">\r\n\r\n\t\t\t\t\t\t\t\t\t\t\r\n\t\t\t\t\t\t\t\t\t\t\t<div class=\"dslc-blog-post-thumb-inner dslca-post-thumb\">\r\n\t\t\t\t\t\t\t\t\t\t\t\t\r\n\t\t\t\t\t\t\t\t\t\t\t\t\t\t\t\t\t\t\t\t\t\t\t\t\t<a href=\"https:\/\/i4web.ca\/fr\/etes-vous-pret-pour-les-changements-de-lengin-de-recherche-google\/\" class=\"\"><img loading=\"lazy\" decoding=\"async\" width=\"1170\" height=\"250\" src=\"https:\/\/i4web.ca\/wp-content\/uploads\/2018\/05\/homepage_blog1.jpg\" class=\"attachment-full size-full wp-post-image\" alt=\"\" title=\"homepage_blog1\" srcset=\"https:\/\/i4web.ca\/wp-content\/uploads\/2018\/05\/homepage_blog1.jpg 1170w, https:\/\/i4web.ca\/wp-content\/uploads\/2018\/05\/homepage_blog1-300x64.jpg 300w, https:\/\/i4web.ca\/wp-content\/uploads\/2018\/05\/homepage_blog1-768x164.jpg 768w, https:\/\/i4web.ca\/wp-content\/uploads\/2018\/05\/homepage_blog1-1024x219.jpg 1024w, https:\/\/i4web.ca\/wp-content\/uploads\/2018\/05\/homepage_blog1-680x145.jpg 680w, https:\/\/i4web.ca\/wp-content\/uploads\/2018\/05\/homepage_blog1-540x115.jpg 540w\" sizes=\"auto, (max-width: 1170px) 100vw, 1170px\" \/><\/a>\r\n\t\t\t\t\t\t\t\t\t\t\t\t\t\t\t\t\t\t\t\t\t\t\t<\/div><!-- .dslc-blog-post-thumb-inner -->\r\n\r\n\t\t\t\t\t\t\t\t\t\t\r\n\t\t\t\t\t\t\t\t\t\t\r\n\t\t\t\t\t\t\t\t\t<\/div><!-- .dslc-blog-post-thumb -->\r\n\r\n\t\t\t\t\t\t\t\t\r\n\t\t\t\t\t\t\t\r\n\t\t\t\t\t\t\t\r\n\t\t\t\t\t\t<\/div><!-- .dslc-blog-post -->\r\n\r\n\t\t\t\t\t\t\r\n\t\t\t\t\t\t<\/div><!-- .dslc-posts-inner -->\r\n\t\t\t\r\n\t\t\t\r\n\t<\/div><!-- .dslc-blog-posts --><\/div>\n<p><!-- .dslc-module -->\n\t\t<\/div>\n<\/div>\n<\/div>\n<div  class=\"dslc-modules-section \" style=\"margin-bottom:40px;padding-bottom:0px;padding-top:0px;\" data-section-id=\"c2738831a61\">\n<div class=\"dslc-modules-section-wrapper dslc-clearfix\">\n<div class=\"dslc-modules-area dslc-col dslc-12-col dslc-last-col dslc-valign- \" data-size=\"12\" data-valign=\"\">\n<div id=\"dslc-module-61fe61464fd\" class=\"dslc-module-front dslc-module-DSLC_Image dslc-in-viewport-check dslc-in-viewport-anim-none  dslc-col dslc-12-col dslc-last-col  dslc-module-handle-like-regular \" data-module-id=\"61fe61464fd\" data-module=\"DSLC_Image\" data-dslc-module-size=\"12\" data-dslc-anim=\"none\" data-dslc-anim-delay=\"\" data-dslc-anim-duration=\"650\"  data-dslc-anim-easing=\"ease\" data-dslc-preset=\"none\" >\n<div class=\"dslc-image-container\">\n<div class=\"dslc-image\">\n<p>\t\t\t\t\t\t\t\t\t<img decoding=\"async\" src=\"https:\/\/i4web.ca\/wp-content\/uploads\/2018\/12\/reference3.jpg\" alt=\"\" title=\"\" srcset=\"https:\/\/i4web.ca\/wp-content\/uploads\/2018\/12\/reference3.jpg 1170w, https:\/\/i4web.ca\/wp-content\/uploads\/2018\/12\/reference3-300x64.jpg 300w, https:\/\/i4web.ca\/wp-content\/uploads\/2018\/12\/reference3-768x164.jpg 768w, https:\/\/i4web.ca\/wp-content\/uploads\/2018\/12\/reference3-1024x219.jpg 1024w, https:\/\/i4web.ca\/wp-content\/uploads\/2018\/12\/reference3-680x145.jpg 680w, https:\/\/i4web.ca\/wp-content\/uploads\/2018\/12\/reference3-540x115.jpg 540w\" sizes=\"(max-width: 1170px) 100vw, 1170px\" \/><\/p><\/div>\n<p><!-- .dslc-image -->\n\t\t<\/div>\n<\/p><\/div>\n<p><!-- .dslc-module -->\n\t\t<\/div>\n<\/div>\n<\/div>\n<div  class=\"dslc-modules-section \" style=\"margin-bottom:40px;padding-bottom:0px;padding-top:0px;\" data-section-id=\"8e8a4a41253\">\n<div class=\"dslc-modules-section-wrapper dslc-clearfix\">\n<div class=\"dslc-modules-area dslc-col dslc-12-col dslc-last-col dslc-valign- \" data-size=\"12\" data-valign=\"\">\n<div id=\"dslc-module-5c5595b45c3\" class=\"dslc-module-front dslc-module-DSLC_Text_Simple dslc-in-viewport-check dslc-in-viewport-anim-none  dslc-col dslc-12-col dslc-last-col  dslc-module-handle-like-regular \" data-module-id=\"5c5595b45c3\" data-module=\"DSLC_Text_Simple\" data-dslc-module-size=\"12\" data-dslc-anim=\"none\" data-dslc-anim-delay=\"\" data-dslc-anim-duration=\"650\"  data-dslc-anim-easing=\"ease\" data-dslc-preset=\"none\" >\n<div class=\"dslc-text-module-content\">\n<h1 style=\"text-align: center;\">R\u00e9f\u00e9rences<\/h1>\n<h2 style=\"text-align: left;\"><strong><a href=\"https:\/\/store.berchicci.ca\/\" target=\"_blank\" rel=\"noopener\">Berchicci<\/a> &#8211; M. John Occhiuto<\/strong><\/h2>\n<p style=\"text-align: justify;\">\u00ab\u00a0Je suis fier de recommander les services de i4Technologies Inc. aux entreprises souhaitant accro\u00eetre leurs ventes dans le monde en ligne. Leur \u00e9quipe d&rsquo;experts a fourni un excellent service et une qualit\u00e9 d&rsquo;ex\u00e9cution lors de la cr\u00e9ation de notre site internet en ligne, que nous avons mis en service en septembre 2018. Ils nous ont guid\u00e9s \u00e0 faire les bons choix pour notre site internet et ont \u00e9t\u00e9 tr\u00e8s minutieux dans la d\u00e9termination de nos besoins.\u00a0\u00bb<\/p>\n<h4 style=\"text-align: left;\"><a href=\"https:\/\/i4web.ca\/fr\/temoignages\/\"><strong>LIRE PLUS DE T\u00c9MOIGNAGES +<\/strong><\/a><\/h4>\n<\/p><\/div>\n<\/p><\/div>\n<p><!-- .dslc-module -->\n\t\t<\/div>\n<\/div>\n<\/div>\n<\/div>\n<\/div>\n<\/div><\/div>","protected":false},"excerpt":{"rendered":"<p>i4Web est une agence de conception etd\u00e9veloppement de sites web situ\u00e9e \u00e0 Montr\u00e9al, Qu\u00e9bec. \u00c0 Propos Nous recherchons les derni\u00e8res tendances et technologies web pour livrer un produit moderne et \u00e0 la fine pointe de la technologie. LIRE LA SUITE&nbsp;[&hellip;]<\/p>\n","protected":false},"author":1,"featured_media":0,"parent":0,"menu_order":0,"comment_status":"closed","ping_status":"closed","template":"page-templates\/page_builder.php","meta":{"footnotes":""},"class_list":["post-6","page","type-page","status-publish","hentry","clearfix"],"_links":{"self":[{"href":"https:\/\/i4web.ca\/fr\/wp-json\/wp\/v2\/pages\/6","targetHints":{"allow":["GET"]}}],"collection":[{"href":"https:\/\/i4web.ca\/fr\/wp-json\/wp\/v2\/pages"}],"about":[{"href":"https:\/\/i4web.ca\/fr\/wp-json\/wp\/v2\/types\/page"}],"author":[{"embeddable":true,"href":"https:\/\/i4web.ca\/fr\/wp-json\/wp\/v2\/users\/1"}],"replies":[{"embeddable":true,"href":"https:\/\/i4web.ca\/fr\/wp-json\/wp\/v2\/comments?post=6"}],"version-history":[{"count":5,"href":"https:\/\/i4web.ca\/fr\/wp-json\/wp\/v2\/pages\/6\/revisions"}],"predecessor-version":[{"id":866,"href":"https:\/\/i4web.ca\/fr\/wp-json\/wp\/v2\/pages\/6\/revisions\/866"}],"wp:attachment":[{"href":"https:\/\/i4web.ca\/fr\/wp-json\/wp\/v2\/media?parent=6"}],"curies":[{"name":"wp","href":"https:\/\/api.w.org\/{rel}","templated":true}]}}