{"id":586,"date":"2018-12-14T20:45:22","date_gmt":"2018-12-14T20:45:22","guid":{"rendered":"http:\/\/i4com.ca\/?page_id=586"},"modified":"2018-12-14T20:45:22","modified_gmt":"2018-12-14T20:45:22","slug":"testimonials","status":"publish","type":"page","link":"https:\/\/i4web.ca\/en\/testimonials\/","title":{"rendered":"TESTIMONIALS"},"content":{"rendered":"<div id=\"dslc-theme-content\"><div id=\"dslc-theme-content-inner\"><div id=\"dslc-content\" class=\"dslc-content dslc-clearfix\">\n<div id=\"dslc-main\">\n<div  class=\"dslc-modules-section  dslc-full  dslc-hide-on-phone \" style=\"margin-bottom:40px;padding-bottom:0px;padding-top:0px;\" data-section-id=\"136ceae5496\">\n<div class=\"dslc-modules-section-wrapper dslc-clearfix\">\n<div class=\"dslc-modules-area dslc-col dslc-12-col dslc-last-col dslc-valign- \" data-size=\"12\" data-valign=\"\">\n<div id=\"dslc-module-0151ef4457b\" class=\"dslc-module-front dslc-module-DSLC_Image dslc-in-viewport-check dslc-in-viewport-anim-none  dslc-col dslc-12-col dslc-last-col  dslc-module-handle-like-regular \" data-module-id=\"0151ef4457b\" data-module=\"DSLC_Image\" data-dslc-module-size=\"12\" data-dslc-anim=\"none\" data-dslc-anim-delay=\"\" data-dslc-anim-duration=\"650\"  data-dslc-anim-easing=\"ease\" data-dslc-preset=\"none\" >\n<div class=\"dslc-image-container\">\n<div class=\"dslc-image\">\n<p>\t\t\t\t\t\t\t\t\t<img decoding=\"async\" src=\"https:\/\/i4web.ca\/wp-content\/uploads\/2019\/08\/Banner_Testimonials_EN-1920x500.jpg\" alt=\"\" title=\"\"   \/><\/p><\/div>\n<p><!-- .dslc-image -->\n\t\t<\/div>\n<\/p><\/div>\n<p><!-- .dslc-module -->\n\t\t<\/div>\n<\/div>\n<\/div>\n<div  class=\"dslc-modules-section  dslc-full  dslc-hide-on-desktop  dslc-hide-on-tablet \" style=\"margin-bottom:41px;padding-bottom:0px;padding-top:0px;\" data-section-id=\"323698da268\">\n<div class=\"dslc-modules-section-wrapper dslc-clearfix\">\n<div class=\"dslc-modules-area dslc-col dslc-12-col dslc-last-col dslc-valign- \" data-size=\"12\" data-valign=\"\">\n<div id=\"dslc-module-cb9aca5acfc\" class=\"dslc-module-front dslc-module-DSLC_Image dslc-in-viewport-check dslc-in-viewport-anim-none  dslc-col dslc-12-col dslc-last-col  dslc-module-handle-like-regular \" data-module-id=\"cb9aca5acfc\" data-module=\"DSLC_Image\" data-dslc-module-size=\"12\" data-dslc-anim=\"none\" data-dslc-anim-delay=\"\" data-dslc-anim-duration=\"650\"  data-dslc-anim-easing=\"ease\" data-dslc-preset=\"none\" >\n<div class=\"dslc-image-container\">\n<div class=\"dslc-image\">\n<p>\t\t\t\t\t\t\t\t\t<img decoding=\"async\" src=\"https:\/\/i4web.ca\/wp-content\/uploads\/2019\/08\/Banner_Testimonials_EN_mobile-1920x1238.jpg\" alt=\"\" title=\"process\" srcset=\"https:\/\/i4web.ca\/wp-content\/uploads\/2019\/08\/Banner_Testimonials_EN_mobile.jpg 775w, https:\/\/i4web.ca\/wp-content\/uploads\/2019\/08\/Banner_Testimonials_EN_mobile-300x194.jpg 300w, https:\/\/i4web.ca\/wp-content\/uploads\/2019\/08\/Banner_Testimonials_EN_mobile-768x495.jpg 768w, https:\/\/i4web.ca\/wp-content\/uploads\/2019\/08\/Banner_Testimonials_EN_mobile-680x439.jpg 680w, https:\/\/i4web.ca\/wp-content\/uploads\/2019\/08\/Banner_Testimonials_EN_mobile-540x348.jpg 540w\" sizes=\"(max-width: 775px) 100vw, 775px\" \/><\/p><\/div>\n<p><!-- .dslc-image -->\n\t\t<\/div>\n<\/p><\/div>\n<p><!-- .dslc-module -->\n\t\t<\/div>\n<\/div>\n<\/div>\n<div  class=\"dslc-modules-section  dslc-no-columns-spacing \" style=\"margin-bottom:40px;padding-bottom:0px;padding-top:0px;\" data-section-id=\"f57623de1e7\">\n<div class=\"dslc-modules-section-wrapper dslc-clearfix\">\n<div class=\"dslc-modules-area dslc-col dslc-12-col dslc-last-col dslc-valign- \" data-size=\"12\" data-valign=\"\">\n<div id=\"dslc-module-170e4ee5db4\" class=\"dslc-module-front dslc-module-DSLC_Text_Simple dslc-in-viewport-check dslc-in-viewport-anim-none  dslc-col dslc-12-col dslc-last-col  dslc-module-handle-like-regular \" data-module-id=\"170e4ee5db4\" data-module=\"DSLC_Text_Simple\" data-dslc-module-size=\"12\" data-dslc-anim=\"none\" data-dslc-anim-delay=\"\" data-dslc-anim-duration=\"650\"  data-dslc-anim-easing=\"ease\" data-dslc-preset=\"none\" >\n<div class=\"dslc-text-module-content\">\n<h1>Testimonials<\/h1>\n<\/p><\/div>\n<\/p><\/div>\n<p><!-- .dslc-module --><\/p>\n<div id=\"dslc-module-02cc97b6ba0\" class=\"dslc-module-front dslc-module-DSLC_Testimonials dslc-in-viewport-check dslc-in-viewport-anim-none  dslc-col dslc-12-col dslc-last-col  dslc-module-handle-like-regular \" data-module-id=\"02cc97b6ba0\" data-module=\"DSLC_Testimonials\" data-dslc-module-size=\"12\" data-dslc-anim=\"none\" data-dslc-anim-delay=\"\" data-dslc-anim-duration=\"650\"  data-dslc-anim-easing=\"ease\" data-dslc-preset=\"none\" >\n<div class=\"dslc-posts dslc-testimonials dslc-clearfix dslc-init-grid \">\r\n\t\t\t\r\n\t\t\t\t\t\t\r\n\t<div class=\"dslc-posts-inner\">\r\n\t\r\n\t\t\t<div class=\"dslc-post dslc-testimonial dslc-col dslc--col  dslc-first-col\" data-cats=\"\">\r\n\r\n<div class=\"dslc-testimonial-inner\">\r\n\r\n\t\r\n\t<div class=\"dslc-testimonial-main\">\r\n\r\n\t\t\r\n\t\t\r\n\t\t\t<div class=\"dslc-testimonial-icon\">\r\n\t\t\t\t<span class=\"dslc-icon dslc-icon-\"><\/span>\r\n\t\t\t<\/div><!-- .dslc-testimonial-icon -->\r\n\r\n\t\t\r\n\t\t\r\n\t\t\t\r\n\t\t\r\n\t\t\r\n\t\t\t<div class=\"dslc-testimonial-quote\">\r\n\t\t\t\t<p style=\"text-align: left;\"><strong>Ms. Michelle Canerot<\/strong><\/p>\r\n<p style=\"text-align: justify;\">\u201cI worked for many years on various IT projects with I4 Technologies including the development of custom software systems for the death care industry. I found the I4 team to be extremely knowledgeable and honest; they worked diligently with us to find the right solutions to suit our needs, while working within our budget. I would highly recommend their services.\"<\/p>\t\t\t<\/div><!-- .dslc-testimonial-quote -->\r\n\r\n\t\t\r\n\t\t\r\n\t<\/div><!-- .dslc-testimonial-main -->\r\n\r\n\t\r\n<\/div><!-- .dslc-testimonial-inner -->\r\n\r\n\t\t\t<\/div><!-- .dslc-testimonial -->\r\n\r\n\t\t\t<div class=\"dslc-post-separator\"><\/div>\r\n\t\r\n\t\t\t<div class=\"dslc-post dslc-testimonial dslc-col dslc--col  dslc-first-col\" data-cats=\"\">\r\n\r\n<div class=\"dslc-testimonial-inner\">\r\n\r\n\t\r\n\t<div class=\"dslc-testimonial-main\">\r\n\r\n\t\t\r\n\t\t\r\n\t\t\t<div class=\"dslc-testimonial-icon\">\r\n\t\t\t\t<span class=\"dslc-icon dslc-icon-\"><\/span>\r\n\t\t\t<\/div><!-- .dslc-testimonial-icon -->\r\n\r\n\t\t\r\n\t\t\r\n\t\t\t\r\n\t\t\r\n\t\t\r\n\t\t\t<div class=\"dslc-testimonial-quote\">\r\n\t\t\t\t<p style=\"text-align: left;\"><a href=\"https:\/\/baldwincremation.com\/\">Baldwin Brothers Funeral &amp; Cremation Society<\/a>\u00a0- Mr. Skip Knopke<\/p>\r\n<p style=\"text-align: justify;\">\"Ever since hiring i4Tech as our virtual CFO and CIO in 2003 to help us prevent a large Canadian business from failing under the weight of a year long strike, Rosario, George and Lino have been friends and professional associates who have always been there for us. More recently, but now on behalf of Baldwin Brothers, a large funeral company based in Florida, the i4 team has continued to serve us very well. They are creative, productive and always interested in our success as much as their own. I would highly recommend they be strongly considered for any project within their expertise.\"<\/p>\t\t\t<\/div><!-- .dslc-testimonial-quote -->\r\n\r\n\t\t\r\n\t\t\r\n\t<\/div><!-- .dslc-testimonial-main -->\r\n\r\n\t\r\n<\/div><!-- .dslc-testimonial-inner -->\r\n\r\n\t\t\t<\/div><!-- .dslc-testimonial -->\r\n\r\n\t\t\t<div class=\"dslc-post-separator\"><\/div>\r\n\t\r\n\t\t\t<div class=\"dslc-post dslc-testimonial dslc-col dslc--col  dslc-first-col\" data-cats=\"\">\r\n\r\n<div class=\"dslc-testimonial-inner\">\r\n\r\n\t\r\n\t<div class=\"dslc-testimonial-main\">\r\n\r\n\t\t\r\n\t\t\r\n\t\t\t<div class=\"dslc-testimonial-icon\">\r\n\t\t\t\t<span class=\"dslc-icon dslc-icon-\"><\/span>\r\n\t\t\t<\/div><!-- .dslc-testimonial-icon -->\r\n\r\n\t\t\r\n\t\t\r\n\t\t\t\r\n\t\t\r\n\t\t\r\n\t\t\t<div class=\"dslc-testimonial-quote\">\r\n\t\t\t\t<p style=\"text-align: left;\"><a href=\"http:\/\/www.mprepro.com\/\" target=\"_blank\" rel=\"noopener\">MP Repro<\/a>\u00a0- Mme. Carmela Martinez<\/p>\r\n<p style=\"text-align: justify;\">\"Nous avons le plaisir de travailler avec l'\u00e9quipe d'i4Technologies depuis 2012 pour nos divers besoins informatiques ainsi que pour le d\u00e9veloppement de logiciels Web. Leur r\u00e9ponse rapide aux probl\u00e8mes critiques jour et nuit a \u00e9t\u00e9 inestimable. Ils ont pris le temps de comprendre notre entreprise et ont d\u00e9pass\u00e9 nos attentes en mati\u00e8re de service et de support. Ils comprennent la nature critique de nos op\u00e9rations et travaillent pour assurer notre continuit\u00e9 de service. Leur approche proactive a \u00e9t\u00e9 un atout consid\u00e9rable et nous les consid\u00e9rons comme un \"partenaire expert\" dans le maintien de nos besoins technologiques ainsi que pour la planification de la croissance future.\"<\/p>\t\t\t<\/div><!-- .dslc-testimonial-quote -->\r\n\r\n\t\t\r\n\t\t\r\n\t<\/div><!-- .dslc-testimonial-main -->\r\n\r\n\t\r\n<\/div><!-- .dslc-testimonial-inner -->\r\n\r\n\t\t\t<\/div><!-- .dslc-testimonial -->\r\n\r\n\t\t\t<div class=\"dslc-post-separator\"><\/div>\r\n\t\r\n\t\t\t<div class=\"dslc-post dslc-testimonial dslc-col dslc--col  dslc-first-col\" data-cats=\"\">\r\n\r\n<div class=\"dslc-testimonial-inner\">\r\n\r\n\t\r\n\t<div class=\"dslc-testimonial-main\">\r\n\r\n\t\t\r\n\t\t\r\n\t\t\t<div class=\"dslc-testimonial-icon\">\r\n\t\t\t\t<span class=\"dslc-icon dslc-icon-\"><\/span>\r\n\t\t\t<\/div><!-- .dslc-testimonial-icon -->\r\n\r\n\t\t\r\n\t\t\r\n\t\t\t\r\n\t\t\r\n\t\t\r\n\t\t\t<div class=\"dslc-testimonial-quote\">\r\n\t\t\t\t<p style=\"text-align: left;\"><a href=\"http:\/\/www.mprepro.com\/\" target=\"_blank\" rel=\"noopener\">MP Repro<\/a>\u00a0- Mrs. Carmela Martinez<\/p>\r\n<p style=\"text-align: justify;\">\"We have been pleased to work with the team at i4 Technologies since 2012 for our various IT needs as well as for web-based software development. Their prompt response to critical issues day or night has been invaluable. They took the time to understand our business and have exceeded our expectations for both service and support. They understand the critical nature of our operations and work to ensure our continuity of service. Their proactive approach has been a tremendous asset and we view them as an \"expert partner\" in maintaining our technology needs and planning for further growth.\"<\/p>\t\t\t<\/div><!-- .dslc-testimonial-quote -->\r\n\r\n\t\t\r\n\t\t\r\n\t<\/div><!-- .dslc-testimonial-main -->\r\n\r\n\t\r\n<\/div><!-- .dslc-testimonial-inner -->\r\n\r\n\t\t\t<\/div><!-- .dslc-testimonial -->\r\n\r\n\t\t\t<div class=\"dslc-post-separator\"><\/div>\r\n\t\r\n\t\t\t<div class=\"dslc-post dslc-testimonial dslc-col dslc--col  dslc-first-col\" data-cats=\"\">\r\n\r\n<div class=\"dslc-testimonial-inner\">\r\n\r\n\t\r\n\t<div class=\"dslc-testimonial-main\">\r\n\r\n\t\t\r\n\t\t\r\n\t\t\t<div class=\"dslc-testimonial-icon\">\r\n\t\t\t\t<span class=\"dslc-icon dslc-icon-\"><\/span>\r\n\t\t\t<\/div><!-- .dslc-testimonial-icon -->\r\n\r\n\t\t\r\n\t\t\r\n\t\t\t\r\n\t\t\r\n\t\t\r\n\t\t\t<div class=\"dslc-testimonial-quote\">\r\n\t\t\t\t<p style=\"text-align: left;\"><a href=\"http:\/\/www.kays-ponger.com\/\" target=\"_blank\" rel=\"noopener\">Gibraltar Remembrance Services LLC<\/a> - M.\u00a0Mark Kays<\/p>\r\n<p style=\"text-align: justify;\">\"Il est difficile de dire \u00e0 quel point i4Technologies a \u00e9t\u00e9 d\u2019un aide. Ils ont cr\u00e9\u00e9 un programme d\u2019entreprise pour nous et, tout au long de son d\u00e9veloppement, l\u2019\u00e9quipe i4 n\u2019aurait pu \u00eatre plus compr\u00e9hensive. Leur approche \u00e0 travailler avec nous sur notre mod\u00e8le d'entreprise, nos besoins et probl\u00e8mes, ainsi que leur temps de r\u00e9ponse pour corriger les obstacles sur lesquels nous travaillions, a \u00e9t\u00e9 la meilleure avec laquelle j'ai travaill\u00e9 et vu. Ils ont \u00e9galement h\u00e9berg\u00e9 notre programme et notre connectivit\u00e9 n'a jamais \u00e9t\u00e9 aussi bonne. C\u2019est un plaisir de travailler avec des personnes que vous savez \u00eatre soucieuses de vous et de votre entreprise. Au fil des ans, travaillant avec eux, on se sentent comme des amis. Je recommande fortement i4Technologies \u00e0 tout le monde, vous ne serez pas d\u00e9\u00e7u, ils font partie des meilleurs dans ce domaine.\"<\/p>\t\t\t<\/div><!-- .dslc-testimonial-quote -->\r\n\r\n\t\t\r\n\t\t\r\n\t<\/div><!-- .dslc-testimonial-main -->\r\n\r\n\t\r\n<\/div><!-- .dslc-testimonial-inner -->\r\n\r\n\t\t\t<\/div><!-- .dslc-testimonial -->\r\n\r\n\t\t\t<div class=\"dslc-post-separator\"><\/div>\r\n\t\r\n\t\t\t<div class=\"dslc-post dslc-testimonial dslc-col dslc--col  dslc-first-col\" data-cats=\"\">\r\n\r\n<div class=\"dslc-testimonial-inner\">\r\n\r\n\t\r\n\t<div class=\"dslc-testimonial-main\">\r\n\r\n\t\t\r\n\t\t\r\n\t\t\t<div class=\"dslc-testimonial-icon\">\r\n\t\t\t\t<span class=\"dslc-icon dslc-icon-\"><\/span>\r\n\t\t\t<\/div><!-- .dslc-testimonial-icon -->\r\n\r\n\t\t\r\n\t\t\r\n\t\t\t\r\n\t\t\r\n\t\t\r\n\t\t\t<div class=\"dslc-testimonial-quote\">\r\n\t\t\t\t<p style=\"text-align: left;\"><a href=\"http:\/\/hunterexpositions.com\/en\/\" target=\"_blank\" rel=\"noopener\">Hunter Expositions<\/a> - M. Gery Hunter<\/p>\r\n<p style=\"text-align: justify;\">\"J'ai eu l'occasion de travailler sur plusieurs projets avec diff\u00e9rents membres de l'\u00e9quipe de i4 Technologies. Chaque projet a \u00e9t\u00e9 achev\u00e9 avec succ\u00e8s \u00e0 notre satisfaction, puis un peu plus dans chaque cas. C\u2019est un plaisir de travailler avec les membres cl\u00e9 de l\u2019\u00e9quipe. Ils se chargent d\u2019expliquer clairement les d\u00e9tails et les attentes pour chaque phase de nos projets. En tant que tel, nous avons pr\u00e9vu d\u2019autres projets avec eux et nous attendons de poursuivre cette relation \u00e0 mesure que nous progressons.\"<\/p>\t\t\t<\/div><!-- .dslc-testimonial-quote -->\r\n\r\n\t\t\r\n\t\t\r\n\t<\/div><!-- .dslc-testimonial-main -->\r\n\r\n\t\r\n<\/div><!-- .dslc-testimonial-inner -->\r\n\r\n\t\t\t<\/div><!-- .dslc-testimonial -->\r\n\r\n\t\t\t<div class=\"dslc-post-separator\"><\/div>\r\n\t\r\n\t\t\t<div class=\"dslc-post dslc-testimonial dslc-col dslc--col  dslc-first-col\" data-cats=\"\">\r\n\r\n<div class=\"dslc-testimonial-inner\">\r\n\r\n\t\r\n\t<div class=\"dslc-testimonial-main\">\r\n\r\n\t\t\r\n\t\t\r\n\t\t\t<div class=\"dslc-testimonial-icon\">\r\n\t\t\t\t<span class=\"dslc-icon dslc-icon-\"><\/span>\r\n\t\t\t<\/div><!-- .dslc-testimonial-icon -->\r\n\r\n\t\t\r\n\t\t\r\n\t\t\t\r\n\t\t\r\n\t\t\r\n\t\t\t<div class=\"dslc-testimonial-quote\">\r\n\t\t\t\t<p style=\"text-align: left;\"><a href=\"http:\/\/www.berchicci.ca\/\" target=\"_blank\" rel=\"noopener\">Berchicci<\/a> - M. John Occhiuto<\/p>\r\n<p style=\"text-align: justify;\"><span style=\"text-align: justify;\">\"Je suis fier de recommander les services de i4Technologies Inc. aux entreprises souhaitant accro\u00eetre leurs ventes dans le monde en ligne. Leur \u00e9quipe d'experts a fourni un excellent service et une qualit\u00e9 d'ex\u00e9cution lors de la cr\u00e9ation de notre site internet en ligne, que nous avons mis en service en septembre 2018. Ils nous ont guid\u00e9s \u00e0 faire les bons choix pour notre site internet et ont \u00e9t\u00e9 tr\u00e8s minutieux dans la d\u00e9termination de nos besoins.\"<\/span><\/p>\r\n<p style=\"text-align: left;\"><a href=\"https:\/\/store.berchicci.ca\/\" target=\"_blank\" rel=\"noopener\">Magasin Berchicci - Sp\u00e9cialit\u00e9s Italiennes<\/a><\/p>\t\t\t<\/div><!-- .dslc-testimonial-quote -->\r\n\r\n\t\t\r\n\t\t\r\n\t<\/div><!-- .dslc-testimonial-main -->\r\n\r\n\t\r\n<\/div><!-- .dslc-testimonial-inner -->\r\n\r\n\t\t\t<\/div><!-- .dslc-testimonial -->\r\n\r\n\t\t\t<div class=\"dslc-post-separator\"><\/div>\r\n\t\r\n\t\t\t<div class=\"dslc-post dslc-testimonial dslc-col dslc--col  dslc-first-col\" data-cats=\"\">\r\n\r\n<div class=\"dslc-testimonial-inner\">\r\n\r\n\t\r\n\t<div class=\"dslc-testimonial-main\">\r\n\r\n\t\t\r\n\t\t\r\n\t\t\t<div class=\"dslc-testimonial-icon\">\r\n\t\t\t\t<span class=\"dslc-icon dslc-icon-\"><\/span>\r\n\t\t\t<\/div><!-- .dslc-testimonial-icon -->\r\n\r\n\t\t\r\n\t\t\r\n\t\t\t\r\n\t\t\r\n\t\t\r\n\t\t\t<div class=\"dslc-testimonial-quote\">\r\n\t\t\t\t<p style=\"text-align: left;\"><a href=\"http:\/\/www.kays-ponger.com\/\" target=\"_blank\" rel=\"noopener\">Gibraltar Remembrance Services LLC<\/a> - Mr.\u00a0Mark Kays<\/p>\r\n<p style=\"text-align: justify;\">\"It\u2019s hard to express how helpful I4Technologies has been. They created a business program for us, and thru the development of it, the i4 Team could not have been more understanding. Their approach to working with us on our business model, our needs and issues, along with their response time on correcting obstacles we were working on was the best I have ever worked with and seen. They also hosted our program and our connectivity was never better. It\u2019s a pleasure to work with people that you know care about you and your company. Thru the years working with them, they feel like friends. I highly recommend I4Technonolgies to anyone, you will not be disappointed, they are some of the best in the business at what they do.\"<\/p>\t\t\t<\/div><!-- .dslc-testimonial-quote -->\r\n\r\n\t\t\r\n\t\t\r\n\t<\/div><!-- .dslc-testimonial-main -->\r\n\r\n\t\r\n<\/div><!-- .dslc-testimonial-inner -->\r\n\r\n\t\t\t<\/div><!-- .dslc-testimonial -->\r\n\r\n\t\t\t<div class=\"dslc-post-separator\"><\/div>\r\n\t\r\n\t\t\t<div class=\"dslc-post dslc-testimonial dslc-col dslc--col  dslc-first-col\" data-cats=\"\">\r\n\r\n<div class=\"dslc-testimonial-inner\">\r\n\r\n\t\r\n\t<div class=\"dslc-testimonial-main\">\r\n\r\n\t\t\r\n\t\t\r\n\t\t\t<div class=\"dslc-testimonial-icon\">\r\n\t\t\t\t<span class=\"dslc-icon dslc-icon-\"><\/span>\r\n\t\t\t<\/div><!-- .dslc-testimonial-icon -->\r\n\r\n\t\t\r\n\t\t\r\n\t\t\t\r\n\t\t\r\n\t\t\r\n\t\t\t<div class=\"dslc-testimonial-quote\">\r\n\t\t\t\t<p style=\"text-align: left;\"><a href=\"http:\/\/hunterexpositions.com\/en\/\" target=\"_blank\" rel=\"noopener\">Hunter Expositions<\/a> - Mr. Gery Hunter<\/p>\r\n<p style=\"text-align: justify;\">\"I have had the occasion to work on several projects with various members of the i4 Technologies team.\u00a0\u00a0Each project has been successfully completed to our satisfaction and\u00a0 then a bit more\u00a0 in each case.\u00a0 The key members of the team\u00a0 are a pleasure to work with and take care to explain clearly the details\u00a0 and the expectations for each phase of our projects.\u00a0 As such, we have other projects planned with them and expect to continue this relationship as we move forward.\"<\/p>\t\t\t<\/div><!-- .dslc-testimonial-quote -->\r\n\r\n\t\t\r\n\t\t\r\n\t<\/div><!-- .dslc-testimonial-main -->\r\n\r\n\t\r\n<\/div><!-- .dslc-testimonial-inner -->\r\n\r\n\t\t\t<\/div><!-- .dslc-testimonial -->\r\n\r\n\t\t\t<div class=\"dslc-post-separator\"><\/div>\r\n\t\r\n\t\t\t<div class=\"dslc-post dslc-testimonial dslc-col dslc--col  dslc-first-col\" data-cats=\"\">\r\n\r\n<div class=\"dslc-testimonial-inner\">\r\n\r\n\t\r\n\t<div class=\"dslc-testimonial-main\">\r\n\r\n\t\t\r\n\t\t\r\n\t\t\t<div class=\"dslc-testimonial-icon\">\r\n\t\t\t\t<span class=\"dslc-icon dslc-icon-\"><\/span>\r\n\t\t\t<\/div><!-- .dslc-testimonial-icon -->\r\n\r\n\t\t\r\n\t\t\r\n\t\t\t\r\n\t\t\r\n\t\t\r\n\t\t\t<div class=\"dslc-testimonial-quote\">\r\n\t\t\t\t<p style=\"text-align: left;\"><a href=\"http:\/\/www.berchicci.ca\/\" target=\"_blank\" rel=\"noopener\">Berchicci<\/a> - Mr. John Occhiuto<\/p>\r\n<p style=\"text-align: justify;\"><span style=\"text-align: justify;\">\"I am proud to recommend the services of I4 Technologies Inc. for businesses seeking to expand their sales in the online world.\u00a0 Their team of experts have provided excellent service and a quality of execution in creating our online website which we have put into operation as of September 2018.\u00a0 They have guided us in making the right choices for our website and have been very thorough in determining our needs.\"<\/span><\/p>\r\n<p style=\"text-align: left;\"><a href=\"https:\/\/store.berchicci.ca\/\" target=\"_blank\" rel=\"noopener\">Magasin Berchicci - Sp\u00e9cialit\u00e9s Italiennes<\/a><\/p>\t\t\t<\/div><!-- .dslc-testimonial-quote -->\r\n\r\n\t\t\r\n\t\t\r\n\t<\/div><!-- .dslc-testimonial-main -->\r\n\r\n\t\r\n<\/div><!-- .dslc-testimonial-inner -->\r\n\r\n\t\t\t<\/div><!-- .dslc-testimonial -->\r\n\r\n\t\t\t\r\n\t<\/div><!-- .dslc-posts-inner -->\r\n\r\n\t\r\n\t\t<\/div><!-- .dslc-testimonials -->\r\n\r\n\t<\/div>\n<p><!-- .dslc-module -->\n\t\t<\/div>\n<\/div>\n<\/div>\n<\/div>\n<\/div>\n<\/div><\/div>","protected":false},"excerpt":{"rendered":"<p>Testimonials<\/p>\n","protected":false},"author":1,"featured_media":0,"parent":0,"menu_order":0,"comment_status":"closed","ping_status":"closed","template":"page-templates\/page_builder.php","meta":{"footnotes":""},"class_list":["post-586","page","type-page","status-publish","hentry","clearfix"],"_links":{"self":[{"href":"https:\/\/i4web.ca\/en\/wp-json\/wp\/v2\/pages\/586","targetHints":{"allow":["GET"]}}],"collection":[{"href":"https:\/\/i4web.ca\/en\/wp-json\/wp\/v2\/pages"}],"about":[{"href":"https:\/\/i4web.ca\/en\/wp-json\/wp\/v2\/types\/page"}],"author":[{"embeddable":true,"href":"https:\/\/i4web.ca\/en\/wp-json\/wp\/v2\/users\/1"}],"replies":[{"embeddable":true,"href":"https:\/\/i4web.ca\/en\/wp-json\/wp\/v2\/comments?post=586"}],"version-history":[{"count":1,"href":"https:\/\/i4web.ca\/en\/wp-json\/wp\/v2\/pages\/586\/revisions"}],"predecessor-version":[{"id":587,"href":"https:\/\/i4web.ca\/en\/wp-json\/wp\/v2\/pages\/586\/revisions\/587"}],"wp:attachment":[{"href":"https:\/\/i4web.ca\/en\/wp-json\/wp\/v2\/media?parent=586"}],"curies":[{"name":"wp","href":"https:\/\/api.w.org\/{rel}","templated":true}]}}